{"id":1073,"date":"2021-01-05T14:48:41","date_gmt":"2021-01-05T14:48:41","guid":{"rendered":"https:\/\/alkion.eu\/kontakt\/"},"modified":"2024-10-18T16:21:10","modified_gmt":"2024-10-18T15:21:10","slug":"contact","status":"publish","type":"page","link":"https:\/\/alkion.eu\/en\/contact\/","title":{"rendered":"Contact"},"content":{"rendered":"<section id=\"contact-intro-block_2f1f2a34883ec3ba1ba1184a981dcc71\" class=\"header-block section section--full bg--secondary\">\r\n\t<div class=\"grid-x width width--general\">\r\n\t\t<div class=\"small-12 medium-6 has--space-right\">\r\n\t\t\t\t\t\t<h1>Contact<\/h1>\r\n\t\t\t<div class=\"el--shifted margin--top\">\r\n\t\t\t\t\t\t\t\t\t<div class=\"section__paragraph width--thin no-padding\">You need cleaning, a&nbsp;quote, consultation or have questions and recommendations?<br \/>\r\nPlease complete the form. We will get back to you within 24 hours!<\/div>\r\n\t\t\t\t\t\t\t\t<div class=\"margin--bottom-05x\">\t\t\t<span class=\"the-contact white\">\r\n\t\t\t\t\t\t\t<img decoding=\"async\" src=\"https:\/\/alkion.eu\/wp-content\/themes\/unifer-alkion\/assets\/images\/icon-mail-w.svg\" alt=\"Email - ikona\" loading=\"lazy\" width=\"154\" height=\"150\" class=\"icon\">\r\n\t\t\t\t\t\t<a href=\"m&#97;ilto&#58;&#105;n&#102;&#111;&#64;&#97;&#108;ki&#111;&#110;&#46;&#101;&#117;\" class=\"contact-link\">&#105;n&#102;o&#64;a&#108;k&#105;on&#46;eu<\/a>\r\n\t\t\t<\/span><\/div>\r\n\t\t\t\t<div>\t\t\t<span class=\"the-contact white\">\r\n\t\t\t\t\t\t\t<img decoding=\"async\" src=\"https:\/\/alkion.eu\/wp-content\/themes\/unifer-alkion\/assets\/images\/icon-phone-w.svg\" alt=\"Telefon - ikona\" loading=\"lazy\" width=\"154\" height=\"150\" class=\"icon\">\r\n\t\t\t\t\t\t<a href=\"t&#101;&#108;:+&#52;2&#48;73&#49;48&#51;&#48;&#56;9\" class=\"contact-link\">+420&nbsp;731&nbsp;483&nbsp;089<\/a>\r\n\t\t\t<\/span><\/div>\r\n\t\t\t<\/div>\r\n\t\t<\/div>\r\n\t\t<div class=\"small-12 medium-6\">\r\n\t\t\t\t\t\t\t\n<div class=\"wpcf7 no-js\" id=\"wpcf7-f2042-o1\" lang=\"cs-CZ\" dir=\"ltr\" data-wpcf7-id=\"2042\">\n<div class=\"screen-reader-response\"><p role=\"status\" aria-live=\"polite\" aria-atomic=\"true\"><\/p> <ul><\/ul><\/div>\n<form action=\"\/en\/wp-json\/wp\/v2\/pages\/1073#wpcf7-f2042-o1\" method=\"post\" class=\"wpcf7-form init\" aria-label=\"Kontaktn\u00ed formul\u00e1\u0159\" novalidate=\"novalidate\" data-status=\"init\">\n<fieldset class=\"hidden-fields-container\"><input type=\"hidden\" name=\"_wpcf7\" value=\"2042\" \/><input type=\"hidden\" name=\"_wpcf7_version\" value=\"6.1.5\" \/><input type=\"hidden\" name=\"_wpcf7_locale\" value=\"cs_CZ\" \/><input type=\"hidden\" name=\"_wpcf7_unit_tag\" value=\"wpcf7-f2042-o1\" \/><input type=\"hidden\" name=\"_wpcf7_container_post\" value=\"0\" \/><input type=\"hidden\" name=\"_wpcf7_posted_data_hash\" value=\"\" \/><input type=\"hidden\" name=\"_wpcf7_recaptcha_response\" value=\"\" \/>\n<\/fieldset>\n<label class=\"wpcf7-form__name\">Your name*:<span class=\"wpcf7-form-control-wrap\" data-name=\"fullname\"><input size=\"40\" maxlength=\"400\" class=\"wpcf7-form-control wpcf7-text wpcf7-validates-as-required\" aria-required=\"true\" aria-invalid=\"false\" value=\"\" type=\"text\" name=\"fullname\" \/><\/span><\/label>\n\n<label class=\"wpcf7-form__email\">Your e-mail*:<span class=\"wpcf7-form-control-wrap\" data-name=\"email\"><input size=\"40\" maxlength=\"400\" class=\"wpcf7-form-control wpcf7-email wpcf7-validates-as-required wpcf7-text wpcf7-validates-as-email\" aria-required=\"true\" aria-invalid=\"false\" placeholder=\"@\" value=\"\" type=\"email\" name=\"email\" \/><\/span><\/label>\n\n<label class=\"wpcf7-form__phone\">Your phone number:<span class=\"wpcf7-form-control-wrap\" data-name=\"phone\"><input size=\"40\" maxlength=\"400\" class=\"wpcf7-form-control wpcf7-tel wpcf7-text wpcf7-validates-as-tel\" aria-invalid=\"false\" placeholder=\"+420\" value=\"\" type=\"tel\" name=\"phone\" \/><\/span><\/label>\n\n<label class=\"wpcf7-form__message\">Your message*:<span class=\"wpcf7-form-control-wrap\" data-name=\"message\"><textarea cols=\"40\" rows=\"10\" maxlength=\"2000\" class=\"wpcf7-form-control wpcf7-textarea wpcf7-validates-as-required\" aria-required=\"true\" aria-invalid=\"false\" name=\"message\"><\/textarea><\/span><\/label>\n\n<span class=\"wpcf7-form-control-wrap\" data-name=\"wpcf7-form__gdpr\"><span class=\"wpcf7-form-control wpcf7-acceptance\"><span class=\"wpcf7-list-item\"><label><input type=\"checkbox\" name=\"wpcf7-form__gdpr\" value=\"1\" aria-invalid=\"false\" \/><span class=\"wpcf7-list-item-label\"><span class=\"checkmark\"><\/span>I agree to the <a href=\"https:\/\/alkion.eu\/cs\/zpracovani-osobnich-udaju\/\" target=\"_blank\">Privacy Policy<\/a>.<\/span><\/label><\/span><\/span><\/span>\n\n<span id=\"wpcf7-69f7229a90805-wrapper\" class=\"wpcf7-form-control-wrap honeypot-692-wrap\" style=\"display:none !important; visibility:hidden !important;\"><label for=\"wpcf7-69f7229a90805-field\" class=\"hp-message\">Ponechte toto pole pr\u00e1zdn\u00e9.<\/label><input id=\"wpcf7-69f7229a90805-field\"  class=\"wpcf7-form-control wpcf7-text\" type=\"text\" name=\"honeypot-692\" value=\"\" size=\"40\" tabindex=\"-1\" autocomplete=\"new-password\" \/><\/span>\n\n<div class=\"wpcf7-form__submit\"><button class='button button--arrow-right' type=\"submit\">Send<\/button><span class=\"wpcf7-spinner\"><\/span><\/div><div class=\"wpcf7-response-output\" aria-hidden=\"true\"><\/div>\n<\/form>\n<\/div>\n\t\t\t\t\t<\/div>\r\n\t<\/div>\r\n\t<img decoding=\"async\" src=\"https:\/\/alkion.eu\/wp-content\/themes\/unifer-alkion\/assets\/images\/polygon.svg\" alt=\"Polygon\" class=\"header-block-polygon\">\r\n<\/section>\n\n\r\n\t<section id=\"persons-row-block_58a1f91c1f6831e8e6015f32b0ee9e43\" class=\"persons section text-center\">\r\n\t\t<header>\r\n\t\t\t\t\t\t\t<div class=\"section__claim\">Call us<\/div>\r\n\t\t\t\t\t\t\t\t\t\t<h2 class=\"text-center\">Our team<\/h2>\r\n\t\t\t\t\t\t\t\t\t\t<div class=\"section__paragraph width width--thin\">Not sure who to call? Call anyone and we will redirect you! And we speak English.<\/div>\r\n\t\t\t\t\t<\/header>\r\n\t\t<div class=\"grid-x\">\r\n\t\t\t\t\t\t\t\t\t\t<figure class=\"person person--centered small-12 medium-6 large-3\">\r\n\t\t\t\t\t\t\t<div class=\"person__photo has--hepta\">\r\n\t\t\t\t\t<img loading=\"lazy\" decoding=\"async\" width=\"225\" height=\"300\" src=\"https:\/\/alkion.eu\/wp-content\/uploads\/2022\/04\/s-max-225x300.png\" class=\"attachment-medium size-medium wp-post-image\" alt=\"\" srcset=\"https:\/\/alkion.eu\/wp-content\/uploads\/2022\/04\/s-max-225x300.png 225w, https:\/\/alkion.eu\/wp-content\/uploads\/2022\/04\/s-max-769x1024.png 769w, https:\/\/alkion.eu\/wp-content\/uploads\/2022\/04\/s-max-113x150.png 113w, https:\/\/alkion.eu\/wp-content\/uploads\/2022\/04\/s-max-768x1023.png 768w, https:\/\/alkion.eu\/wp-content\/uploads\/2022\/04\/s-max-70x93.png 70w, https:\/\/alkion.eu\/wp-content\/uploads\/2022\/04\/s-max-190x253.png 190w, https:\/\/alkion.eu\/wp-content\/uploads\/2022\/04\/s-max-400x533.png 400w, https:\/\/alkion.eu\/wp-content\/uploads\/2022\/04\/s-max-470x626.png 470w, https:\/\/alkion.eu\/wp-content\/uploads\/2022\/04\/s-max-550x732.png 550w, https:\/\/alkion.eu\/wp-content\/uploads\/2022\/04\/s-max.png 1068w\" sizes=\"auto, (max-width: 225px) 100vw, 225px\" \/>\t\t\t\t<\/div>\r\n\t\t\t\t\t\t<div class=\"person__name\">Maximilian Detsch<\/div>\r\n\t\t\t\t\t\t\t<div class=\"person__job\">COO Germany<\/div>\r\n\t\t\t\t\t\t\t\t\t\t\t\t\t\t\t<div><a href=\"&#109;ai&#108;to:m&#97;&#120;.d&#101;&#116;&#115;&#99;&#104;&#64;&#97;&#108;&#107;&#105;&#111;n.e&#117;\" class=\"person__link\">m&#97;&#120;&#46;&#100;&#101;&#116;s&#99;h&#64;&#97;&#108;kio&#110;.eu<\/a><\/div>\r\n\t\t\t\t\t\t\t\t\t\t\t\t\t<div><a href=\"t&#101;&#108;:&#43;4&#57;&#49;5&#50;&#53;47958&#55;3\" class=\"person__link\">+49&nbsp;1525&nbsp;479&nbsp;5873<\/a><\/div>\r\n\t\t\t\t\t\t\t\t\t<\/figure>\r\n\t\t\t\t\t\t\t\t\t\t\t\t<figure class=\"person person--centered small-12 medium-6 large-3\">\r\n\t\t\t\t\t\t\t<div class=\"person__photo has--hepta\">\r\n\t\t\t\t\t<img loading=\"lazy\" decoding=\"async\" width=\"225\" height=\"300\" src=\"https:\/\/alkion.eu\/wp-content\/uploads\/2021\/01\/s-dalimil-3-225x300.png\" class=\"attachment-medium size-medium wp-post-image\" alt=\"Dalimil Petril\u00e1k\" srcset=\"https:\/\/alkion.eu\/wp-content\/uploads\/2021\/01\/s-dalimil-3-225x300.png 225w, https:\/\/alkion.eu\/wp-content\/uploads\/2021\/01\/s-dalimil-3-769x1024.png 769w, https:\/\/alkion.eu\/wp-content\/uploads\/2021\/01\/s-dalimil-3-113x150.png 113w, https:\/\/alkion.eu\/wp-content\/uploads\/2021\/01\/s-dalimil-3-768x1023.png 768w, https:\/\/alkion.eu\/wp-content\/uploads\/2021\/01\/s-dalimil-3-70x93.png 70w, https:\/\/alkion.eu\/wp-content\/uploads\/2021\/01\/s-dalimil-3-190x253.png 190w, https:\/\/alkion.eu\/wp-content\/uploads\/2021\/01\/s-dalimil-3-400x533.png 400w, https:\/\/alkion.eu\/wp-content\/uploads\/2021\/01\/s-dalimil-3-470x626.png 470w, https:\/\/alkion.eu\/wp-content\/uploads\/2021\/01\/s-dalimil-3-550x732.png 550w, https:\/\/alkion.eu\/wp-content\/uploads\/2021\/01\/s-dalimil-3.png 1068w\" sizes=\"auto, (max-width: 225px) 100vw, 225px\" \/>\t\t\t\t<\/div>\r\n\t\t\t\t\t\t<div class=\"person__name\">Dalimil Petril\u00e1k<\/div>\r\n\t\t\t\t\t\t\t<div class=\"person__job\">Director of Sales<\/div>\r\n\t\t\t\t\t\t\t\t\t\t\t\t\t\t\t<div><a href=\"&#109;ai&#108;to:da&#108;&#105;m&#105;&#108;&#46;p&#101;&#116;ri&#108;a&#107;&#64;alk&#105;o&#110;.e&#117;\" class=\"person__link\">dal&#105;mil&#46;pet&#114;ilak&#64;&#97;l&#107;ion.e&#117;<\/a><\/div>\r\n\t\t\t\t\t\t\t\t\t\t\t\t\t<div><a href=\"tel:&#43;&#52;&#50;073&#49;&#52;&#56;&#51;08&#57;\" class=\"person__link\">+420&nbsp;731&nbsp;483&nbsp;089<\/a><\/div>\r\n\t\t\t\t\t\t\t\t\t<\/figure>\r\n\t\t\t\t\t\t\t\t\t\t\t\t<figure class=\"person person--centered small-12 medium-6 large-3\">\r\n\t\t\t\t\t\t\t<div class=\"person__photo has--hepta\">\r\n\t\t\t\t\t<img loading=\"lazy\" decoding=\"async\" width=\"225\" height=\"300\" src=\"https:\/\/alkion.eu\/wp-content\/uploads\/2024\/06\/s-david-alkion-1-225x300.png\" class=\"attachment-medium size-medium wp-post-image\" alt=\"\" srcset=\"https:\/\/alkion.eu\/wp-content\/uploads\/2024\/06\/s-david-alkion-1-225x300.png 225w, https:\/\/alkion.eu\/wp-content\/uploads\/2024\/06\/s-david-alkion-1-769x1024.png 769w, https:\/\/alkion.eu\/wp-content\/uploads\/2024\/06\/s-david-alkion-1-113x150.png 113w, https:\/\/alkion.eu\/wp-content\/uploads\/2024\/06\/s-david-alkion-1-768x1023.png 768w, https:\/\/alkion.eu\/wp-content\/uploads\/2024\/06\/s-david-alkion-1-70x93.png 70w, https:\/\/alkion.eu\/wp-content\/uploads\/2024\/06\/s-david-alkion-1-190x253.png 190w, https:\/\/alkion.eu\/wp-content\/uploads\/2024\/06\/s-david-alkion-1-400x533.png 400w, https:\/\/alkion.eu\/wp-content\/uploads\/2024\/06\/s-david-alkion-1-470x626.png 470w, https:\/\/alkion.eu\/wp-content\/uploads\/2024\/06\/s-david-alkion-1-550x732.png 550w, https:\/\/alkion.eu\/wp-content\/uploads\/2024\/06\/s-david-alkion-1.png 1068w\" sizes=\"auto, (max-width: 225px) 100vw, 225px\" \/>\t\t\t\t<\/div>\r\n\t\t\t\t\t\t<div class=\"person__name\">David Br\u016f\u017ea<\/div>\r\n\t\t\t\t\t\t\t<div class=\"person__job\">Director of Sales<\/div>\r\n\t\t\t\t\t\t\t\t\t\t\t\t\t\t\t<div><a href=\"&#109;&#97;i&#108;to&#58;&#100;&#97;&#118;i&#100;&#46;&#98;r&#117;z&#97;&#64;al&#107;&#105;on.&#101;u\" class=\"person__link\">&#100;&#97;&#118;&#105;&#100;&#46;&#98;ruz&#97;&#64;al&#107;&#105;&#111;&#110;.&#101;u<\/a><\/div>\r\n\t\t\t\t\t\t\t\t\t\t\t\t\t<div><a href=\"t&#101;l:&#43;4&#50;&#48;7&#55;&#55;7&#52;30&#50;&#50;\" class=\"person__link\">+420&nbsp;777&nbsp;743&nbsp;022<\/a><\/div>\r\n\t\t\t\t\t\t\t\t\t<\/figure>\r\n\t\t\t\t\t\t\t\t\t\t\t\t<figure class=\"person person--centered small-12 medium-6 large-3\">\r\n\t\t\t\t\t\t\t<div class=\"person__photo has--hepta\">\r\n\t\t\t\t\t<img loading=\"lazy\" decoding=\"async\" width=\"226\" height=\"300\" src=\"https:\/\/alkion.eu\/wp-content\/uploads\/2021\/01\/s-janinka-226x300.png\" class=\"attachment-medium size-medium wp-post-image\" alt=\"Jana Petril\u00e1kov\u00e1\" srcset=\"https:\/\/alkion.eu\/wp-content\/uploads\/2021\/01\/s-janinka-226x300.png 226w, https:\/\/alkion.eu\/wp-content\/uploads\/2021\/01\/s-janinka-770x1024.png 770w, https:\/\/alkion.eu\/wp-content\/uploads\/2021\/01\/s-janinka-113x150.png 113w, https:\/\/alkion.eu\/wp-content\/uploads\/2021\/01\/s-janinka-768x1022.png 768w, https:\/\/alkion.eu\/wp-content\/uploads\/2021\/01\/s-janinka-70x93.png 70w, https:\/\/alkion.eu\/wp-content\/uploads\/2021\/01\/s-janinka-190x253.png 190w, https:\/\/alkion.eu\/wp-content\/uploads\/2021\/01\/s-janinka-400x532.png 400w, https:\/\/alkion.eu\/wp-content\/uploads\/2021\/01\/s-janinka-470x625.png 470w, https:\/\/alkion.eu\/wp-content\/uploads\/2021\/01\/s-janinka-550x732.png 550w, https:\/\/alkion.eu\/wp-content\/uploads\/2021\/01\/s-janinka.png 1069w\" sizes=\"auto, (max-width: 226px) 100vw, 226px\" \/>\t\t\t\t<\/div>\r\n\t\t\t\t\t\t<div class=\"person__name\">Jana Petril\u00e1kov\u00e1<\/div>\r\n\t\t\t\t\t\t\t<div class=\"person__job\">Invoicing, administration<\/div>\r\n\t\t\t\t\t\t\t\t\t\t\t\t\t\t\t<div><a href=\"&#109;ail&#116;o&#58;jan&#97;.pe&#116;&#114;ilak&#111;&#118;&#97;&#64;a&#108;k&#105;o&#110;.e&#117;\" class=\"person__link\">&#106;&#97;n&#97;&#46;p&#101;t&#114;&#105;l&#97;&#107;ov&#97;&#64;&#97;&#108;k&#105;&#111;&#110;.eu<\/a><\/div>\r\n\t\t\t\t\t\t\t\t\t\t\t\t\t<div><a href=\"t&#101;&#108;:&#43;42&#48;&#55;&#55;&#52;699&#50;&#50;7\" class=\"person__link\">+420&nbsp;774&nbsp;699&nbsp;227<\/a><\/div>\r\n\t\t\t\t\t\t\t\t\t<\/figure>\r\n\t\t\t\t\t\t\t<\/div>\r\n\t<\/section>\r\n\n\n<section id=\"addresses-block_43ef0fcb25f54aea89a4968e097936f6\" class=\"addresses width width--general-m padding--top padding--bottom\">\r\n\t<div class=\"addresses__inner grid-x grid-margin-x\">\r\n\t\t<div class=\"addresses__address address cell shrink grid-x padding bg--secondary c--white\">\r\n\t\t\t<div class=\"address__name cell shrink align-self-middle\">\r\n\t\t\t\t<h3 class=\"address__title no-decor\">HQ<\/h3>\r\n\t\t\t<\/div>\r\n\t\t\t<div class=\"address__text cell auto align-self-middle\">\t<div>\r\n\t\t<strong>Alkion service s.r.o.<\/strong>\r\n\t\t\t\t\t<br>Kruh 83<br \/>\r\n514&nbsp;01 Kruh<br \/>\r\nCzech Republic\t\t\t\t\t\t\t<br>I\u010cO: 28875931\t\t\t\t\t\t\t<br>DI\u010c: CZ28875931\t\t\t<\/div>\r\n\t<\/div>\r\n\t\t<\/div>\r\n\t\t<div class=\"addresses__premise cell auto grid-x padding bg--secondary c--white\" style=\"background-image:url(https:\/\/alkion.eu\/wp-content\/uploads\/2021\/01\/map.png);background-position: right center;background-size: auto 100%;background-repeat:no-repeat;\">\r\n\t\t\t<div class=\"address__name cell shrink align-self-middle\">\r\n\t\t\t\t<h3 class=\"address__title no-decor\">Operations<\/h3>\r\n\t\t\t<\/div>\r\n\t\t\t<div class=\"address__text cell auto grid-x align-self-middle\">\r\n\t\t\t\t<div class=\"cell shrink align-self-middle\">\t<div>\r\n\t\t<strong>Alkion service s.r.o.<\/strong>\r\n\t\t\t\t\t<br>Z\u00e1meck\u00e1 street<br \/>\r\n514&nbsp;01 Jilemnice<br \/>\r\nCzech Republic\t\t\t\t\t<\/div>\r\n\t<\/div>\r\n\t\t\t\t<div class=\"address__button cell auto align-self-middle\">\r\n\t\t\t\t\t\t\t\t\t\t\t<a href=\"https:\/\/www.google.com\/maps\/place\/Alkion+service+s.r.o.\/@50.6107408,15.5019471,18.5z\/data=!4m13!1m7!3m6!1s0x470ebf1b05acf30b:0x6cab681d651266db!2zWsOhbWVja8OhLCA1MTQgMDEgSmlsZW1uaWNl!3b1!8m2!3d50.6113717!4d15.503144!3m4!1s0x0:0xaf82e8a788f1aeb1!8m2!3d50.610713!4d15.501631\" class=\"button button--external\" target=\"_blank\" rel=\"noopener noreferrer\">Show on map<\/a>\r\n\t\t\t\t\t\t\t\t\t<\/div>\r\n\t\t\t<\/div>\r\n\t\t<\/div>\r\n\t<\/div>\r\n<\/section>\n\n<section id=\"download-block_e3a92aeac0f73c198b92438de0543795\" class=\"downloads section padding\">\r\n\t\t\t<h2 class=\"text-center\">Download<\/h2>\r\n\t\t<div class=\"downloads__items grid-x\">\r\n\t\t\t\t\t\t\t\t\t<div class=\"cell downloads__item columns-3 is--border-hover\">\r\n\t\t\t\t\t\t\t\t\t\t\t<a href=\"https:\/\/alkion.eu\/wp-content\/uploads\/2023\/03\/leaflet-Alkion-2023-EN-Online.pdf\" target=\"_blank\" rel=\"noopener noreferrer\" class=\"downloads__title\"><strong>Short technology intro<\/strong><\/a>\r\n\t\t\t\t\t\t\t\t\t\t<footer class=\"text-right\"><a href=\"https:\/\/alkion.eu\/wp-content\/uploads\/2023\/03\/leaflet-Alkion-2023-EN-Online.pdf\" class=\"link link--download\" target=\"_blank\"><span class=\"text\">Download<\/span><\/a><\/footer>\r\n\t\t\t\t<\/div>\r\n\t\t\t\t\t\t\t\t\t\t\t\t<div class=\"cell downloads__item columns-3 is--border-hover\">\r\n\t\t\t\t\t\t\t\t\t\t\t<a href=\"https:\/\/alkion.eu\/wp-content\/uploads\/2024\/04\/leaflet-AEROSEAL_online_EN.pdf\" target=\"_blank\" rel=\"noopener noreferrer\" class=\"downloads__title\"><strong>AEROSEAL Introduction<\/strong><\/a>\r\n\t\t\t\t\t\t\t\t\t\t<footer class=\"text-right\"><a href=\"https:\/\/alkion.eu\/wp-content\/uploads\/2024\/04\/leaflet-AEROSEAL_online_EN.pdf\" class=\"link link--download\" target=\"_blank\"><span class=\"text\">Download<\/span><\/a><\/footer>\r\n\t\t\t\t<\/div>\r\n\t\t\t\t\t\t<\/div>\r\n<\/section>\r\n","protected":false},"excerpt":{"rendered":"","protected":false},"author":1,"featured_media":0,"parent":0,"menu_order":0,"comment_status":"closed","ping_status":"closed","template":"page-templates\/contact.php","meta":{"_acf_changed":false,"footnotes":""},"class_list":["post-1073","page","type-page","status-publish","hentry"],"acf":[],"yoast_head":"<!-- This site is optimized with the Yoast SEO plugin v27.5 - https:\/\/yoast.com\/product\/yoast-seo-wordpress\/ -->\n<title>Contact - Alkion<\/title>\n<meta name=\"robots\" content=\"index, follow, max-snippet:-1, max-image-preview:large, max-video-preview:-1\" \/>\n<link rel=\"canonical\" href=\"https:\/\/alkion.eu\/en\/contact\/\" \/>\n<meta property=\"og:locale\" content=\"en_US\" \/>\n<meta property=\"og:type\" content=\"article\" \/>\n<meta property=\"og:title\" content=\"Contact - Alkion\" \/>\n<meta property=\"og:url\" content=\"https:\/\/alkion.eu\/en\/contact\/\" \/>\n<meta property=\"og:site_name\" content=\"Alkion\" \/>\n<meta property=\"article:publisher\" content=\"https:\/\/www.facebook.com\/Alkionservice\/\" \/>\n<meta property=\"article:modified_time\" content=\"2024-10-18T15:21:10+00:00\" \/>\n<meta name=\"twitter:card\" content=\"summary_large_image\" \/>\n<script type=\"application\/ld+json\" class=\"yoast-schema-graph\">{\"@context\":\"https:\\\/\\\/schema.org\",\"@graph\":[{\"@type\":\"WebPage\",\"@id\":\"https:\\\/\\\/alkion.eu\\\/en\\\/contact\\\/\",\"url\":\"https:\\\/\\\/alkion.eu\\\/en\\\/contact\\\/\",\"name\":\"Contact - Alkion\",\"isPartOf\":{\"@id\":\"https:\\\/\\\/alkion.eu\\\/en\\\/#website\"},\"datePublished\":\"2021-01-05T14:48:41+00:00\",\"dateModified\":\"2024-10-18T15:21:10+00:00\",\"breadcrumb\":{\"@id\":\"https:\\\/\\\/alkion.eu\\\/en\\\/contact\\\/#breadcrumb\"},\"inLanguage\":\"en-US\",\"potentialAction\":[{\"@type\":\"ReadAction\",\"target\":[\"https:\\\/\\\/alkion.eu\\\/en\\\/contact\\\/\"]}]},{\"@type\":\"BreadcrumbList\",\"@id\":\"https:\\\/\\\/alkion.eu\\\/en\\\/contact\\\/#breadcrumb\",\"itemListElement\":[{\"@type\":\"ListItem\",\"position\":1,\"name\":\"Dom\u016f\",\"item\":\"https:\\\/\\\/alkion.eu\\\/en\\\/\"},{\"@type\":\"ListItem\",\"position\":2,\"name\":\"Contact\"}]},{\"@type\":\"WebSite\",\"@id\":\"https:\\\/\\\/alkion.eu\\\/en\\\/#website\",\"url\":\"https:\\\/\\\/alkion.eu\\\/en\\\/\",\"name\":\"Alkion\",\"description\":\"\u010cist\u00edme odv\u011btr\u00e1vac\u00ed potrub\u00ed\",\"publisher\":{\"@id\":\"https:\\\/\\\/alkion.eu\\\/en\\\/#organization\"},\"potentialAction\":[{\"@type\":\"SearchAction\",\"target\":{\"@type\":\"EntryPoint\",\"urlTemplate\":\"https:\\\/\\\/alkion.eu\\\/en\\\/?s={search_term_string}\"},\"query-input\":{\"@type\":\"PropertyValueSpecification\",\"valueRequired\":true,\"valueName\":\"search_term_string\"}}],\"inLanguage\":\"en-US\"},{\"@type\":\"Organization\",\"@id\":\"https:\\\/\\\/alkion.eu\\\/en\\\/#organization\",\"name\":\"Alkion\",\"url\":\"https:\\\/\\\/alkion.eu\\\/en\\\/\",\"logo\":{\"@type\":\"ImageObject\",\"inLanguage\":\"en-US\",\"@id\":\"https:\\\/\\\/alkion.eu\\\/en\\\/#\\\/schema\\\/logo\\\/image\\\/\",\"url\":\"https:\\\/\\\/alkion.eu\\\/wp-content\\\/uploads\\\/2021\\\/06\\\/alkion-logo2x.png\",\"contentUrl\":\"https:\\\/\\\/alkion.eu\\\/wp-content\\\/uploads\\\/2021\\\/06\\\/alkion-logo2x.png\",\"width\":1854,\"height\":869,\"caption\":\"Alkion\"},\"image\":{\"@id\":\"https:\\\/\\\/alkion.eu\\\/en\\\/#\\\/schema\\\/logo\\\/image\\\/\"},\"sameAs\":[\"https:\\\/\\\/www.facebook.com\\\/Alkionservice\\\/\"]}]}<\/script>\n<!-- \/ Yoast SEO plugin. -->","yoast_head_json":{"title":"Contact - Alkion","robots":{"index":"index","follow":"follow","max-snippet":"max-snippet:-1","max-image-preview":"max-image-preview:large","max-video-preview":"max-video-preview:-1"},"canonical":"https:\/\/alkion.eu\/en\/contact\/","og_locale":"en_US","og_type":"article","og_title":"Contact - Alkion","og_url":"https:\/\/alkion.eu\/en\/contact\/","og_site_name":"Alkion","article_publisher":"https:\/\/www.facebook.com\/Alkionservice\/","article_modified_time":"2024-10-18T15:21:10+00:00","twitter_card":"summary_large_image","schema":{"@context":"https:\/\/schema.org","@graph":[{"@type":"WebPage","@id":"https:\/\/alkion.eu\/en\/contact\/","url":"https:\/\/alkion.eu\/en\/contact\/","name":"Contact - Alkion","isPartOf":{"@id":"https:\/\/alkion.eu\/en\/#website"},"datePublished":"2021-01-05T14:48:41+00:00","dateModified":"2024-10-18T15:21:10+00:00","breadcrumb":{"@id":"https:\/\/alkion.eu\/en\/contact\/#breadcrumb"},"inLanguage":"en-US","potentialAction":[{"@type":"ReadAction","target":["https:\/\/alkion.eu\/en\/contact\/"]}]},{"@type":"BreadcrumbList","@id":"https:\/\/alkion.eu\/en\/contact\/#breadcrumb","itemListElement":[{"@type":"ListItem","position":1,"name":"Dom\u016f","item":"https:\/\/alkion.eu\/en\/"},{"@type":"ListItem","position":2,"name":"Contact"}]},{"@type":"WebSite","@id":"https:\/\/alkion.eu\/en\/#website","url":"https:\/\/alkion.eu\/en\/","name":"Alkion","description":"\u010cist\u00edme odv\u011btr\u00e1vac\u00ed potrub\u00ed","publisher":{"@id":"https:\/\/alkion.eu\/en\/#organization"},"potentialAction":[{"@type":"SearchAction","target":{"@type":"EntryPoint","urlTemplate":"https:\/\/alkion.eu\/en\/?s={search_term_string}"},"query-input":{"@type":"PropertyValueSpecification","valueRequired":true,"valueName":"search_term_string"}}],"inLanguage":"en-US"},{"@type":"Organization","@id":"https:\/\/alkion.eu\/en\/#organization","name":"Alkion","url":"https:\/\/alkion.eu\/en\/","logo":{"@type":"ImageObject","inLanguage":"en-US","@id":"https:\/\/alkion.eu\/en\/#\/schema\/logo\/image\/","url":"https:\/\/alkion.eu\/wp-content\/uploads\/2021\/06\/alkion-logo2x.png","contentUrl":"https:\/\/alkion.eu\/wp-content\/uploads\/2021\/06\/alkion-logo2x.png","width":1854,"height":869,"caption":"Alkion"},"image":{"@id":"https:\/\/alkion.eu\/en\/#\/schema\/logo\/image\/"},"sameAs":["https:\/\/www.facebook.com\/Alkionservice\/"]}]}},"_links":{"self":[{"href":"https:\/\/alkion.eu\/en\/wp-json\/wp\/v2\/pages\/1073","targetHints":{"allow":["GET"]}}],"collection":[{"href":"https:\/\/alkion.eu\/en\/wp-json\/wp\/v2\/pages"}],"about":[{"href":"https:\/\/alkion.eu\/en\/wp-json\/wp\/v2\/types\/page"}],"author":[{"embeddable":true,"href":"https:\/\/alkion.eu\/en\/wp-json\/wp\/v2\/users\/1"}],"replies":[{"embeddable":true,"href":"https:\/\/alkion.eu\/en\/wp-json\/wp\/v2\/comments?post=1073"}],"version-history":[{"count":27,"href":"https:\/\/alkion.eu\/en\/wp-json\/wp\/v2\/pages\/1073\/revisions"}],"predecessor-version":[{"id":4089,"href":"https:\/\/alkion.eu\/en\/wp-json\/wp\/v2\/pages\/1073\/revisions\/4089"}],"wp:attachment":[{"href":"https:\/\/alkion.eu\/en\/wp-json\/wp\/v2\/media?parent=1073"}],"curies":[{"name":"wp","href":"https:\/\/api.w.org\/{rel}","templated":true}]}}