{"id":2469,"date":"2021-09-20T09:59:22","date_gmt":"2021-09-20T08:59:22","guid":{"rendered":"https:\/\/alkion.eu\/?page_id=2469"},"modified":"2022-12-08T21:43:33","modified_gmt":"2022-12-08T20:43:33","slug":"impressum","status":"publish","type":"page","link":"https:\/\/alkion.eu\/de\/impressum\/","title":{"rendered":"Impressum"},"content":{"rendered":"\n<h2 class=\"wp-block-heading\"><strong>Alkion<\/strong><strong>\u00ae Service GmbH<\/strong><\/h2>\n\n\n\n<p>Hauptstrasse 1<br>85649 Brunnthal<\/p>\n\n\n\n<p><a href=\"http:\/\/www.alkion.eu\/de\">www.alkion.eu\/de<\/a><\/p>\n\n\n\n<p><a href=\"&#109;&#97;&#105;lt&#111;&#58;i&#110;f&#111;&#64;&#97;lk&#105;&#111;n&#46;&#101;&#117;\">i&#110;&#102;o&#64;a&#108;&#107;&#105;&#111;n&#46;&#101;&#117;<\/a><\/p>\n\n\n\n<p><a href=\"&#116;el&#58;+4&#57;152547&#57;&#53;&#56;7&#51;\" target=\"_blank\" rel=\"noreferrer noopener\">+49&nbsp;1525&nbsp;479&nbsp;5873<\/a><\/p>\n\n\n\n<p>Gesch\u00e4ftsf\u00fchrer: Maximilian Detsch<\/p>\n\n\n\n<p>HRB 236265<br>Steuer ID DE314542185<\/p>\n\n\n\n<h3 class=\"wp-block-heading\"><strong>Haftungsausschluss:<\/strong><\/h3>\n\n\n\n<p>Alkion\u00ae hat alle bereitgestellten Informationen nach bestem Wissen und Gewissen erarbeitet und gepr\u00fcft. Es wird jedoch keine Gew\u00e4hr f\u00fcr die Aktualit\u00e4t, Vollst\u00e4ndigkeit oder Qualit\u00e4t und jederzeitige Verf\u00fcgbarkeit der bereitgestellten Informationen \u00fcbernommen. Alkion\u00ae beh\u00e4lt sich vor, einzelne Teile der Seiten oder das gesamte Angebot ohne gesonderte Ank\u00fcndigung zu ver\u00e4ndern, zu erg\u00e4nzen, zu l\u00f6schen oder die Ver\u00f6ffentlichung zeitweise oder endg\u00fcltig einzustellen.<\/p>\n\n\n\n<h3 class=\"wp-block-heading\"><strong>Verweise und Links:<\/strong><\/h3>\n\n\n\n<p>Alkion\u00ae ist nach einschl\u00e4gigen Gesetzen nur f\u00fcr die eigenen Inhalte, die zur Nutzung bereitgestellt werden, verantwortlich. Alkion\u00ae erkl\u00e4rt hiermit ausdr\u00fccklich, dass zum Zeitpunkt der Linksetzung keine illegalen Inhalte auf den verlinkten Seiten erkennbar waren. F\u00fcr illegale, fehlerhafte oder unvollst\u00e4ndige Inhalte und insbesondere f\u00fcr Sch\u00e4den, die aus der Nutzung der Informationen entstehen, haftet allein der Anbieter der Seite, auf welche verwiesen wurde.<\/p>\n","protected":false},"excerpt":{"rendered":"<p>Alkion\u00ae Service GmbH Hauptstrasse 185649 Brunnthal www.alkion.eu\/de &#105;&#110;&#102;o&#64;a&#108;k&#105;&#111;&#110;&#46;e&#117; +49&nbsp;1525&nbsp;479&nbsp;5873 Gesch\u00e4ftsf\u00fchrer: Maximilian Detsch HRB 236265Steuer ID DE314542185 Haftungsausschluss: Alkion\u00ae hat alle bereitgestellten Informationen nach bestem Wissen und Gewissen erarbeitet und gepr\u00fcft. Es wird jedoch keine Gew\u00e4hr f\u00fcr die Aktualit\u00e4t, Vollst\u00e4ndigkeit oder Qualit\u00e4t und jederzeitige Verf\u00fcgbarkeit der bereitgestellten Informationen \u00fcbernommen. Alkion\u00ae beh\u00e4lt sich vor, einzelne Teile der [&hellip;]<\/p>\n","protected":false},"author":2,"featured_media":0,"parent":0,"menu_order":0,"comment_status":"closed","ping_status":"closed","template":"","meta":{"_acf_changed":false,"footnotes":""},"class_list":["post-2469","page","type-page","status-publish","hentry"],"acf":[],"yoast_head":"<!-- This site is optimized with the Yoast SEO plugin v27.5 - https:\/\/yoast.com\/product\/yoast-seo-wordpress\/ -->\n<title>Impressum - Alkion<\/title>\n<meta name=\"robots\" content=\"index, follow, max-snippet:-1, max-image-preview:large, max-video-preview:-1\" \/>\n<link rel=\"canonical\" href=\"https:\/\/alkion.eu\/de\/impressum\/\" \/>\n<meta property=\"og:locale\" content=\"de_DE\" \/>\n<meta property=\"og:type\" content=\"article\" \/>\n<meta property=\"og:title\" content=\"Impressum - Alkion\" \/>\n<meta property=\"og:description\" content=\"Alkion\u00ae Service GmbH Hauptstrasse 185649 Brunnthal www.alkion.eu\/de &#105;nfo&#064;&#097;&#108;&#107;&#105;&#111;&#110;&#046;&#101;u +49&nbsp;1525&nbsp;479&nbsp;5873 Gesch\u00e4ftsf\u00fchrer: Maximilian Detsch HRB 236265Steuer ID DE314542185 Haftungsausschluss: Alkion\u00ae hat alle bereitgestellten Informationen nach bestem Wissen und Gewissen erarbeitet und gepr\u00fcft. Es wird jedoch keine Gew\u00e4hr f\u00fcr die Aktualit\u00e4t, Vollst\u00e4ndigkeit oder Qualit\u00e4t und jederzeitige Verf\u00fcgbarkeit der bereitgestellten Informationen \u00fcbernommen. Alkion\u00ae beh\u00e4lt sich vor, einzelne Teile der [&hellip;]\" \/>\n<meta property=\"og:url\" content=\"https:\/\/alkion.eu\/de\/impressum\/\" \/>\n<meta property=\"og:site_name\" content=\"Alkion\" \/>\n<meta property=\"article:publisher\" content=\"https:\/\/www.facebook.com\/Alkionservice\/\" \/>\n<meta property=\"article:modified_time\" content=\"2022-12-08T20:43:33+00:00\" \/>\n<meta name=\"twitter:card\" content=\"summary_large_image\" \/>\n<meta name=\"twitter:label1\" content=\"Gesch\u00e4tzte Lesezeit\" \/>\n\t<meta name=\"twitter:data1\" content=\"1\u00a0Minute\" \/>\n<script type=\"application\/ld+json\" class=\"yoast-schema-graph\">{\"@context\":\"https:\\\/\\\/schema.org\",\"@graph\":[{\"@type\":\"WebPage\",\"@id\":\"https:\\\/\\\/alkion.eu\\\/de\\\/impressum\\\/\",\"url\":\"https:\\\/\\\/alkion.eu\\\/de\\\/impressum\\\/\",\"name\":\"Impressum - Alkion\",\"isPartOf\":{\"@id\":\"https:\\\/\\\/alkion.eu\\\/de\\\/#website\"},\"datePublished\":\"2021-09-20T08:59:22+00:00\",\"dateModified\":\"2022-12-08T20:43:33+00:00\",\"breadcrumb\":{\"@id\":\"https:\\\/\\\/alkion.eu\\\/de\\\/impressum\\\/#breadcrumb\"},\"inLanguage\":\"de\",\"potentialAction\":[{\"@type\":\"ReadAction\",\"target\":[\"https:\\\/\\\/alkion.eu\\\/de\\\/impressum\\\/\"]}]},{\"@type\":\"BreadcrumbList\",\"@id\":\"https:\\\/\\\/alkion.eu\\\/de\\\/impressum\\\/#breadcrumb\",\"itemListElement\":[{\"@type\":\"ListItem\",\"position\":1,\"name\":\"Dom\u016f\",\"item\":\"https:\\\/\\\/alkion.eu\\\/de\\\/\"},{\"@type\":\"ListItem\",\"position\":2,\"name\":\"Impressum\"}]},{\"@type\":\"WebSite\",\"@id\":\"https:\\\/\\\/alkion.eu\\\/de\\\/#website\",\"url\":\"https:\\\/\\\/alkion.eu\\\/de\\\/\",\"name\":\"Alkion\",\"description\":\"\u010cist\u00edme odv\u011btr\u00e1vac\u00ed potrub\u00ed\",\"publisher\":{\"@id\":\"https:\\\/\\\/alkion.eu\\\/de\\\/#organization\"},\"potentialAction\":[{\"@type\":\"SearchAction\",\"target\":{\"@type\":\"EntryPoint\",\"urlTemplate\":\"https:\\\/\\\/alkion.eu\\\/de\\\/?s={search_term_string}\"},\"query-input\":{\"@type\":\"PropertyValueSpecification\",\"valueRequired\":true,\"valueName\":\"search_term_string\"}}],\"inLanguage\":\"de\"},{\"@type\":\"Organization\",\"@id\":\"https:\\\/\\\/alkion.eu\\\/de\\\/#organization\",\"name\":\"Alkion\",\"url\":\"https:\\\/\\\/alkion.eu\\\/de\\\/\",\"logo\":{\"@type\":\"ImageObject\",\"inLanguage\":\"de\",\"@id\":\"https:\\\/\\\/alkion.eu\\\/de\\\/#\\\/schema\\\/logo\\\/image\\\/\",\"url\":\"https:\\\/\\\/alkion.eu\\\/wp-content\\\/uploads\\\/2021\\\/06\\\/alkion-logo2x.png\",\"contentUrl\":\"https:\\\/\\\/alkion.eu\\\/wp-content\\\/uploads\\\/2021\\\/06\\\/alkion-logo2x.png\",\"width\":1854,\"height\":869,\"caption\":\"Alkion\"},\"image\":{\"@id\":\"https:\\\/\\\/alkion.eu\\\/de\\\/#\\\/schema\\\/logo\\\/image\\\/\"},\"sameAs\":[\"https:\\\/\\\/www.facebook.com\\\/Alkionservice\\\/\"]}]}<\/script>\n<!-- \/ Yoast SEO plugin. -->","yoast_head_json":{"title":"Impressum - Alkion","robots":{"index":"index","follow":"follow","max-snippet":"max-snippet:-1","max-image-preview":"max-image-preview:large","max-video-preview":"max-video-preview:-1"},"canonical":"https:\/\/alkion.eu\/de\/impressum\/","og_locale":"de_DE","og_type":"article","og_title":"Impressum - Alkion","og_description":"Alkion\u00ae Service GmbH Hauptstrasse 185649 Brunnthal www.alkion.eu\/de inf&#111;&#64;a&#108;&#107;io&#110;.eu +49&nbsp;1525&nbsp;479&nbsp;5873 Gesch\u00e4ftsf\u00fchrer: Maximilian Detsch HRB 236265Steuer ID DE314542185 Haftungsausschluss: Alkion\u00ae hat alle bereitgestellten Informationen nach bestem Wissen und Gewissen erarbeitet und gepr\u00fcft. Es wird jedoch keine Gew\u00e4hr f\u00fcr die Aktualit\u00e4t, Vollst\u00e4ndigkeit oder Qualit\u00e4t und jederzeitige Verf\u00fcgbarkeit der bereitgestellten Informationen \u00fcbernommen. Alkion\u00ae beh\u00e4lt sich vor, einzelne Teile der [&hellip;]","og_url":"https:\/\/alkion.eu\/de\/impressum\/","og_site_name":"Alkion","article_publisher":"https:\/\/www.facebook.com\/Alkionservice\/","article_modified_time":"2022-12-08T20:43:33+00:00","twitter_card":"summary_large_image","twitter_misc":{"Gesch\u00e4tzte Lesezeit":"1\u00a0Minute"},"schema":{"@context":"https:\/\/schema.org","@graph":[{"@type":"WebPage","@id":"https:\/\/alkion.eu\/de\/impressum\/","url":"https:\/\/alkion.eu\/de\/impressum\/","name":"Impressum - Alkion","isPartOf":{"@id":"https:\/\/alkion.eu\/de\/#website"},"datePublished":"2021-09-20T08:59:22+00:00","dateModified":"2022-12-08T20:43:33+00:00","breadcrumb":{"@id":"https:\/\/alkion.eu\/de\/impressum\/#breadcrumb"},"inLanguage":"de","potentialAction":[{"@type":"ReadAction","target":["https:\/\/alkion.eu\/de\/impressum\/"]}]},{"@type":"BreadcrumbList","@id":"https:\/\/alkion.eu\/de\/impressum\/#breadcrumb","itemListElement":[{"@type":"ListItem","position":1,"name":"Dom\u016f","item":"https:\/\/alkion.eu\/de\/"},{"@type":"ListItem","position":2,"name":"Impressum"}]},{"@type":"WebSite","@id":"https:\/\/alkion.eu\/de\/#website","url":"https:\/\/alkion.eu\/de\/","name":"Alkion","description":"\u010cist\u00edme odv\u011btr\u00e1vac\u00ed potrub\u00ed","publisher":{"@id":"https:\/\/alkion.eu\/de\/#organization"},"potentialAction":[{"@type":"SearchAction","target":{"@type":"EntryPoint","urlTemplate":"https:\/\/alkion.eu\/de\/?s={search_term_string}"},"query-input":{"@type":"PropertyValueSpecification","valueRequired":true,"valueName":"search_term_string"}}],"inLanguage":"de"},{"@type":"Organization","@id":"https:\/\/alkion.eu\/de\/#organization","name":"Alkion","url":"https:\/\/alkion.eu\/de\/","logo":{"@type":"ImageObject","inLanguage":"de","@id":"https:\/\/alkion.eu\/de\/#\/schema\/logo\/image\/","url":"https:\/\/alkion.eu\/wp-content\/uploads\/2021\/06\/alkion-logo2x.png","contentUrl":"https:\/\/alkion.eu\/wp-content\/uploads\/2021\/06\/alkion-logo2x.png","width":1854,"height":869,"caption":"Alkion"},"image":{"@id":"https:\/\/alkion.eu\/de\/#\/schema\/logo\/image\/"},"sameAs":["https:\/\/www.facebook.com\/Alkionservice\/"]}]}},"_links":{"self":[{"href":"https:\/\/alkion.eu\/de\/wp-json\/wp\/v2\/pages\/2469","targetHints":{"allow":["GET"]}}],"collection":[{"href":"https:\/\/alkion.eu\/de\/wp-json\/wp\/v2\/pages"}],"about":[{"href":"https:\/\/alkion.eu\/de\/wp-json\/wp\/v2\/types\/page"}],"author":[{"embeddable":true,"href":"https:\/\/alkion.eu\/de\/wp-json\/wp\/v2\/users\/2"}],"replies":[{"embeddable":true,"href":"https:\/\/alkion.eu\/de\/wp-json\/wp\/v2\/comments?post=2469"}],"version-history":[{"count":4,"href":"https:\/\/alkion.eu\/de\/wp-json\/wp\/v2\/pages\/2469\/revisions"}],"predecessor-version":[{"id":3013,"href":"https:\/\/alkion.eu\/de\/wp-json\/wp\/v2\/pages\/2469\/revisions\/3013"}],"wp:attachment":[{"href":"https:\/\/alkion.eu\/de\/wp-json\/wp\/v2\/media?parent=2469"}],"curies":[{"name":"wp","href":"https:\/\/api.w.org\/{rel}","templated":true}]}}