{"id":2465,"date":"2021-09-20T09:54:54","date_gmt":"2021-09-20T08:54:54","guid":{"rendered":"https:\/\/alkion.eu\/?page_id=2465"},"modified":"2025-02-27T14:28:49","modified_gmt":"2025-02-27T13:28:49","slug":"datenschutz","status":"publish","type":"page","link":"https:\/\/alkion.eu\/de\/datenschutz\/","title":{"rendered":"Datenschutz"},"content":{"rendered":"\n<h2 class=\"wp-block-heading\">Wer verarbeitet Ihre Daten?<\/h2>\n\n\n\n<p>Ihre Daten werden von Alkion service s.r.o., ID: 28875931, mit Sitz in Kruh 83, 514\u00a001 Kruh, eingetragen im Handelsregister des Bezirksgerichts in Hradec Kr\u00e1lov\u00e9 unter der Registrierungsnummer, verarbeitet C 40374.<\/p>\n\n\n\n<h2 class=\"wp-block-heading\">Warum wir Ihre Daten verarbeiten<\/h2>\n\n\n\n<p>Wir verarbeiten Ihre personenbezogenen Daten auf Grundlage einer Rechtsgrundlage, in der Regel ist dabei der Abschluss und die Durchf\u00fchrung eines Vertrages oder die Absicht, auf Ihre Anfrage hin einen Vertrag abzuschlie\u00dfen, insbesondere einen Werkvertrag. Die Verarbeitung Ihrer personenbezogenen Daten ist f\u00fcr die Erf\u00fcllung unserer Aufgaben im Rahmen der Vertragserf\u00fcllung sowie f\u00fcr interne Zwecke, insbesondere zur Wahrung unserer Rechte und Rechtsg\u00fcter erforderlich. Dar\u00fcber hinaus verarbeiten wir Ihre Daten, um die Qualit\u00e4t unserer Dienste zu verbessern und anonymisierte Statistiken \u00fcber Ihre Aktivit\u00e4ten auf unserer Website zu erfassen.<\/p>\n\n\n\n<h2 class=\"wp-block-heading\">Welche Daten verarbeiten wir?<\/h2>\n\n\n\n<p><strong>Ihre Kontaktdaten und Informationen zu Ihrer Person, insbesondere:<\/strong><\/p>\n\n\n\n<ul class=\"wp-block-list\">\n<li>Ihre Kontakt- und Identifikationsdetails<\/li>\n\n\n\n<li>Daten, die Sie uns zum Zwecke des Abschlusses oder der Erf\u00fcllung eines Vertrages mitteilen.<\/li>\n<\/ul>\n\n\n\n<p><strong>Daten, die wir aus anderen Quellen \u00fcber Sie erhalten, insbesondere:<\/strong><\/p>\n\n\n\n<ul class=\"wp-block-list\">\n<li>Daten aus \u00f6ffentlichen Registern oder von Dritten bereitgestellte Daten.<\/li>\n<\/ul>\n\n\n\n<h2 class=\"wp-block-heading\">Zwecke der Verarbeitung personenbezogener Daten<\/h2>\n\n\n\n<p>Wir verarbeiten Ihre Daten zum Zweck der Vertragsabwicklung, die auf Ihre Anfrage hin erfolgt, bzw. zur Erf\u00fcllung eines Vertrages sowie f\u00fcr interne Verwaltungszwecke. Eine \u00dcbermittlung Ihrer personenbezogenen Daten in Drittl\u00e4nder erfolgt nicht.<\/p>\n\n\n\n<h2 class=\"wp-block-heading\">Empf\u00e4nger personenbezogener Daten<\/h2>\n\n\n\n<p>Eine Weitergabe Ihrer personenbezogenen Daten an Dritte zu Marketingzwecken erfolgt nicht.<\/p>\n\n\n\n<p>Empf\u00e4nger Ihrer personenbezogenen Daten sind insbesondere:<\/p>\n\n\n\n<ul class=\"wp-block-list\">\n<li>Mitarbeiter bei Alkion service s.r.o.<\/li>\n\n\n\n<li>Betreiber und Wartungsdienstleister des Unternehmensinformationssystems, Buchhaltungsunternehmen.<\/li>\n\n\n\n<li>In F\u00e4llen, in denen Sie auf der Website Ihre Zustimmung erteilt haben (sog. Cookies) f\u00fcr die Marketing-Dienste Google Analytics und Google Search Console.<\/li>\n\n\n\n<li>Weitere Empf\u00e4nger entsprechend Ihren Bed\u00fcrfnissen und Vorgaben.<\/li>\n<\/ul>\n\n\n\n<h2 class=\"wp-block-heading\">Ihre Rechte<\/h2>\n\n\n\n<p>Gem\u00e4\u00df den Vorschriften zum Schutz personenbezogener Daten haben Sie je nach Art der Verarbeitung das Recht:<\/p>\n\n\n\n<ul class=\"wp-block-list\">\n<li>Zugriff auf Ihre personenbezogenen Daten zu verlangen und Erkl\u00e4rungen zu verlangen, wenn Sie eine unbefugte Verarbeitung vermuten; F\u00fcr den Zugriff auf personenbezogene Daten erheben wir ggf. eine Geb\u00fchr, die unseren Kosten entspricht.<\/li>\n\n\n\n<li>die Verarbeitung von Cookies abzulehnen, was \u00fcber die Einstellungen Ihres Internetbrowsers m\u00f6glich ist,<\/li>\n\n\n\n<li>die Berichtigung unrichtiger oder unvollst\u00e4ndiger personenbezogener Daten oder deren Vervollst\u00e4ndigung zu verlangen,<\/li>\n\n\n\n<li>Einspruch gegen die Verarbeitung einzulegen und die Beseitigung des mangelhaften Zustands zu verlangen,<\/li>\n\n\n\n<li>gegen diese Verarbeitung Beschwerde beim Amt f\u00fcr den Schutz personenbezogener Daten, Pplk., einreichen. Sochora 27, Prag 7, PLZ 170&nbsp;00, www. uoou.cz.,<\/li>\n\n\n\n<li>unentgeltlichen Zugang zu verlangen, d. h. Informationen dar\u00fcber anzufordern, ob wir Ihre personenbezogenen Daten verarbeiten und um welche personenbezogenen Daten es sich handelt, es sei denn, Ihre Anfrage ist wiederholt oder exzessiv; Daten\u00fcbertragbarkeit (wenn die Verarbeitung f\u00fcr die Erf\u00fcllung eines Vertrags erforderlich ist und automatisiert erfolgt, haben Sie das Recht, Ihre personenbezogenen Daten in einem strukturierten, allgemein verwendeten und maschinenlesbaren Format zu erhalten), L\u00f6schung (in begrenzten F\u00e4llen haben Sie das Recht, uns aufzufordern, Ihre personenbezogenen Daten zu l\u00f6schen) und Einschr\u00e4nkung der Verarbeitung (in begrenzten F\u00e4llen haben Sie das Recht, uns aufzufordern, die Verarbeitung Ihrer personenbezogenen Daten einzuschr\u00e4nken).<\/li>\n<\/ul>\n\n\n\n<p>Da wir Ihre personenbezogenen Daten haupts\u00e4chlich auf der Grundlage des Abschlusses und der Erf\u00fcllung eines Vertrages verarbeiten, k\u00f6nnen aufgrund der Art der Verarbeitung bestimmte M\u00f6glichkeiten zur Aus\u00fcbung Ihrer oben aufgef\u00fchrten Rechte ausgeschlossen sein.<\/p>\n\n\n\n<p>Es wurden gem\u00e4\u00df den gesetzlichen Vorschriften solche organisatorischen und technischen Ma\u00dfnahmen getroffen, um ein der Art, dem Umfang, den Umst\u00e4nden, dem Zweck und den Risiken ihrer Verarbeitung angemessenes Schutzniveau f\u00fcr die personenbezogenen Daten zu gew\u00e4hrleisten.<\/p>\n\n\n\n<p>Alle Personen, die im Rahmen der Verarbeitung personenbezogener Daten mit diesen in Ber\u00fchrung kommen, sind zur gesetzlichen oder vertraglichen Verschwiegenheit verpflichtet.<\/p>\n\n\n\n<p>Im Falle einer Verletzung des Schutzes personenbezogener Daten, die ein hohes Risiko f\u00fcr Ihre Rechte und Freiheiten zur Folge haben k\u00f6nnte, werden wir Sie unverz\u00fcglich dar\u00fcber informieren.<\/p>\n\n\n\n<p>Um Ihre Rechte auszu\u00fcben, k\u00f6nnen Sie uns unter +420\u00a0731&nbsp;483&nbsp;089 oder per E-Mail unter <a href=\"m&#97;&#105;lt&#111;:jir&#105;&#46;&#106;&#97;&#110;&#111;usek&#64;jan&#111;use&#107;&#97;d&#118;&#111;k&#97;&#116;.c&#122;\">info@alkion.eu<\/a> kontaktieren.<\/p>\n\n\n\n<p>Wir sind verpflichtet, die oben aufgef\u00fchrten Anfragen zur Aus\u00fcbung Ihrer Rechte unverz\u00fcglich, sp\u00e4testens jedoch einen Monat nach Erhalt der Anfrage zu bearbeiten. Wenn Sie die Anfrage elektronisch stellen, werden wir Ihnen die Antwort ebenfalls in elektronischer Form \u00fcbermitteln, es sei denn, Sie fordern uns auf, die Informationen auf andere Weise bereitzustellen.<\/p>\n\n\n\n<h2 class=\"wp-block-heading\">Weitere Informationen zur Verarbeitung Ihrer Daten<\/h2>\n\n\n\n<p>Wir verarbeiten Ihre personenbezogenen Daten f\u00fcr die Dauer der Absicht, auf Ihre Anfrage einen Vertrag abzuschlie\u00dfen bzw. f\u00fcr die Dauer des Vertrages und nach dessen Beendigung archivieren wir sie im Einklang mit den allgemein verbindlichen Rechtsvorschriften, ABl. L 111 vom 21.12.2011, S. 1. Gesetz Nr. 499\/2004 Slg. (Gesetz \u00fcber Archive und Aufzeichnungsdienste und zur \u00c4nderung bestimmter Gesetze), Gesetz Nr. 110\/2019 Slg., zur Verarbeitung personenbezogener Daten und Verordnung (EU) 2016\/679 des Europ\u00e4ischen Parlaments und des Rates vom 27. April 2016 zum Schutz nat\u00fcrlicher Personen bei der Verarbeitung personenbezogener Daten, zum freien Datenverkehr und zur Aufhebung der Richtlinie 95\/46\/EG.<\/p>\n","protected":false},"excerpt":{"rendered":"<p>Wer verarbeitet Ihre Daten? Ihre Daten werden von Alkion service s.r.o., ID: 28875931, mit Sitz in Kruh 83, 514\u00a001 Kruh, eingetragen im Handelsregister des Bezirksgerichts in Hradec Kr\u00e1lov\u00e9 unter der Registrierungsnummer, verarbeitet C 40374. Warum wir Ihre Daten verarbeiten Wir verarbeiten Ihre personenbezogenen Daten auf Grundlage einer Rechtsgrundlage, in der Regel ist dabei der Abschluss [&hellip;]<\/p>\n","protected":false},"author":2,"featured_media":0,"parent":0,"menu_order":0,"comment_status":"closed","ping_status":"closed","template":"","meta":{"_acf_changed":false,"footnotes":""},"class_list":["post-2465","page","type-page","status-publish","hentry"],"acf":[],"yoast_head":"<!-- This site is optimized with the Yoast SEO plugin v27.5 - https:\/\/yoast.com\/product\/yoast-seo-wordpress\/ -->\n<title>Datenschutz - Alkion<\/title>\n<meta name=\"robots\" content=\"index, follow, max-snippet:-1, max-image-preview:large, max-video-preview:-1\" \/>\n<link rel=\"canonical\" href=\"https:\/\/alkion.eu\/de\/datenschutz\/\" \/>\n<meta property=\"og:locale\" content=\"de_DE\" \/>\n<meta property=\"og:type\" content=\"article\" \/>\n<meta property=\"og:title\" content=\"Datenschutz - Alkion\" \/>\n<meta property=\"og:description\" content=\"Wer verarbeitet Ihre Daten? Ihre Daten werden von Alkion service s.r.o., ID: 28875931, mit Sitz in Kruh 83, 514\u00a001 Kruh, eingetragen im Handelsregister des Bezirksgerichts in Hradec Kr\u00e1lov\u00e9 unter der Registrierungsnummer, verarbeitet C 40374. Warum wir Ihre Daten verarbeiten Wir verarbeiten Ihre personenbezogenen Daten auf Grundlage einer Rechtsgrundlage, in der Regel ist dabei der Abschluss [&hellip;]\" \/>\n<meta property=\"og:url\" content=\"https:\/\/alkion.eu\/de\/datenschutz\/\" \/>\n<meta property=\"og:site_name\" content=\"Alkion\" \/>\n<meta property=\"article:publisher\" content=\"https:\/\/www.facebook.com\/Alkionservice\/\" \/>\n<meta property=\"article:modified_time\" content=\"2025-02-27T13:28:49+00:00\" \/>\n<meta name=\"twitter:card\" content=\"summary_large_image\" \/>\n<meta name=\"twitter:label1\" content=\"Gesch\u00e4tzte Lesezeit\" \/>\n\t<meta name=\"twitter:data1\" content=\"4\u00a0Minuten\" \/>\n<script type=\"application\/ld+json\" class=\"yoast-schema-graph\">{\"@context\":\"https:\\\/\\\/schema.org\",\"@graph\":[{\"@type\":\"WebPage\",\"@id\":\"https:\\\/\\\/alkion.eu\\\/de\\\/datenschutz\\\/\",\"url\":\"https:\\\/\\\/alkion.eu\\\/de\\\/datenschutz\\\/\",\"name\":\"Datenschutz - Alkion\",\"isPartOf\":{\"@id\":\"https:\\\/\\\/alkion.eu\\\/de\\\/#website\"},\"datePublished\":\"2021-09-20T08:54:54+00:00\",\"dateModified\":\"2025-02-27T13:28:49+00:00\",\"breadcrumb\":{\"@id\":\"https:\\\/\\\/alkion.eu\\\/de\\\/datenschutz\\\/#breadcrumb\"},\"inLanguage\":\"de\",\"potentialAction\":[{\"@type\":\"ReadAction\",\"target\":[\"https:\\\/\\\/alkion.eu\\\/de\\\/datenschutz\\\/\"]}]},{\"@type\":\"BreadcrumbList\",\"@id\":\"https:\\\/\\\/alkion.eu\\\/de\\\/datenschutz\\\/#breadcrumb\",\"itemListElement\":[{\"@type\":\"ListItem\",\"position\":1,\"name\":\"Dom\u016f\",\"item\":\"https:\\\/\\\/alkion.eu\\\/de\\\/\"},{\"@type\":\"ListItem\",\"position\":2,\"name\":\"Datenschutz\"}]},{\"@type\":\"WebSite\",\"@id\":\"https:\\\/\\\/alkion.eu\\\/de\\\/#website\",\"url\":\"https:\\\/\\\/alkion.eu\\\/de\\\/\",\"name\":\"Alkion\",\"description\":\"\u010cist\u00edme odv\u011btr\u00e1vac\u00ed potrub\u00ed\",\"publisher\":{\"@id\":\"https:\\\/\\\/alkion.eu\\\/de\\\/#organization\"},\"potentialAction\":[{\"@type\":\"SearchAction\",\"target\":{\"@type\":\"EntryPoint\",\"urlTemplate\":\"https:\\\/\\\/alkion.eu\\\/de\\\/?s={search_term_string}\"},\"query-input\":{\"@type\":\"PropertyValueSpecification\",\"valueRequired\":true,\"valueName\":\"search_term_string\"}}],\"inLanguage\":\"de\"},{\"@type\":\"Organization\",\"@id\":\"https:\\\/\\\/alkion.eu\\\/de\\\/#organization\",\"name\":\"Alkion\",\"url\":\"https:\\\/\\\/alkion.eu\\\/de\\\/\",\"logo\":{\"@type\":\"ImageObject\",\"inLanguage\":\"de\",\"@id\":\"https:\\\/\\\/alkion.eu\\\/de\\\/#\\\/schema\\\/logo\\\/image\\\/\",\"url\":\"https:\\\/\\\/alkion.eu\\\/wp-content\\\/uploads\\\/2021\\\/06\\\/alkion-logo2x.png\",\"contentUrl\":\"https:\\\/\\\/alkion.eu\\\/wp-content\\\/uploads\\\/2021\\\/06\\\/alkion-logo2x.png\",\"width\":1854,\"height\":869,\"caption\":\"Alkion\"},\"image\":{\"@id\":\"https:\\\/\\\/alkion.eu\\\/de\\\/#\\\/schema\\\/logo\\\/image\\\/\"},\"sameAs\":[\"https:\\\/\\\/www.facebook.com\\\/Alkionservice\\\/\"]}]}<\/script>\n<!-- \/ Yoast SEO plugin. -->","yoast_head_json":{"title":"Datenschutz - Alkion","robots":{"index":"index","follow":"follow","max-snippet":"max-snippet:-1","max-image-preview":"max-image-preview:large","max-video-preview":"max-video-preview:-1"},"canonical":"https:\/\/alkion.eu\/de\/datenschutz\/","og_locale":"de_DE","og_type":"article","og_title":"Datenschutz - Alkion","og_description":"Wer verarbeitet Ihre Daten? Ihre Daten werden von Alkion service s.r.o., ID: 28875931, mit Sitz in Kruh 83, 514\u00a001 Kruh, eingetragen im Handelsregister des Bezirksgerichts in Hradec Kr\u00e1lov\u00e9 unter der Registrierungsnummer, verarbeitet C 40374. Warum wir Ihre Daten verarbeiten Wir verarbeiten Ihre personenbezogenen Daten auf Grundlage einer Rechtsgrundlage, in der Regel ist dabei der Abschluss [&hellip;]","og_url":"https:\/\/alkion.eu\/de\/datenschutz\/","og_site_name":"Alkion","article_publisher":"https:\/\/www.facebook.com\/Alkionservice\/","article_modified_time":"2025-02-27T13:28:49+00:00","twitter_card":"summary_large_image","twitter_misc":{"Gesch\u00e4tzte Lesezeit":"4\u00a0Minuten"},"schema":{"@context":"https:\/\/schema.org","@graph":[{"@type":"WebPage","@id":"https:\/\/alkion.eu\/de\/datenschutz\/","url":"https:\/\/alkion.eu\/de\/datenschutz\/","name":"Datenschutz - Alkion","isPartOf":{"@id":"https:\/\/alkion.eu\/de\/#website"},"datePublished":"2021-09-20T08:54:54+00:00","dateModified":"2025-02-27T13:28:49+00:00","breadcrumb":{"@id":"https:\/\/alkion.eu\/de\/datenschutz\/#breadcrumb"},"inLanguage":"de","potentialAction":[{"@type":"ReadAction","target":["https:\/\/alkion.eu\/de\/datenschutz\/"]}]},{"@type":"BreadcrumbList","@id":"https:\/\/alkion.eu\/de\/datenschutz\/#breadcrumb","itemListElement":[{"@type":"ListItem","position":1,"name":"Dom\u016f","item":"https:\/\/alkion.eu\/de\/"},{"@type":"ListItem","position":2,"name":"Datenschutz"}]},{"@type":"WebSite","@id":"https:\/\/alkion.eu\/de\/#website","url":"https:\/\/alkion.eu\/de\/","name":"Alkion","description":"\u010cist\u00edme odv\u011btr\u00e1vac\u00ed potrub\u00ed","publisher":{"@id":"https:\/\/alkion.eu\/de\/#organization"},"potentialAction":[{"@type":"SearchAction","target":{"@type":"EntryPoint","urlTemplate":"https:\/\/alkion.eu\/de\/?s={search_term_string}"},"query-input":{"@type":"PropertyValueSpecification","valueRequired":true,"valueName":"search_term_string"}}],"inLanguage":"de"},{"@type":"Organization","@id":"https:\/\/alkion.eu\/de\/#organization","name":"Alkion","url":"https:\/\/alkion.eu\/de\/","logo":{"@type":"ImageObject","inLanguage":"de","@id":"https:\/\/alkion.eu\/de\/#\/schema\/logo\/image\/","url":"https:\/\/alkion.eu\/wp-content\/uploads\/2021\/06\/alkion-logo2x.png","contentUrl":"https:\/\/alkion.eu\/wp-content\/uploads\/2021\/06\/alkion-logo2x.png","width":1854,"height":869,"caption":"Alkion"},"image":{"@id":"https:\/\/alkion.eu\/de\/#\/schema\/logo\/image\/"},"sameAs":["https:\/\/www.facebook.com\/Alkionservice\/"]}]}},"_links":{"self":[{"href":"https:\/\/alkion.eu\/de\/wp-json\/wp\/v2\/pages\/2465","targetHints":{"allow":["GET"]}}],"collection":[{"href":"https:\/\/alkion.eu\/de\/wp-json\/wp\/v2\/pages"}],"about":[{"href":"https:\/\/alkion.eu\/de\/wp-json\/wp\/v2\/types\/page"}],"author":[{"embeddable":true,"href":"https:\/\/alkion.eu\/de\/wp-json\/wp\/v2\/users\/2"}],"replies":[{"embeddable":true,"href":"https:\/\/alkion.eu\/de\/wp-json\/wp\/v2\/comments?post=2465"}],"version-history":[{"count":5,"href":"https:\/\/alkion.eu\/de\/wp-json\/wp\/v2\/pages\/2465\/revisions"}],"predecessor-version":[{"id":4177,"href":"https:\/\/alkion.eu\/de\/wp-json\/wp\/v2\/pages\/2465\/revisions\/4177"}],"wp:attachment":[{"href":"https:\/\/alkion.eu\/de\/wp-json\/wp\/v2\/media?parent=2465"}],"curies":[{"name":"wp","href":"https:\/\/api.w.org\/{rel}","templated":true}]}}