{"id":2261,"date":"2021-01-06T15:47:53","date_gmt":"2021-01-06T15:47:53","guid":{"rendered":"https:\/\/alkion.eu\/alkion-references\/"},"modified":"2021-09-20T15:18:54","modified_gmt":"2021-09-20T14:18:54","slug":"alkion-referenzen","status":"publish","type":"page","link":"https:\/\/alkion.eu\/de\/alkion-referenzen\/","title":{"rendered":"Referenzen"},"content":{"rendered":"<div id=\"contact-form-block_5ff700f19f912\" class=\"section-wrapper\">\r\n\t<img decoding=\"async\" src=\"https:\/\/alkion.eu\/wp-content\/themes\/unifer-alkion\/assets\/images\/polygon.svg\" alt=\"Polygon\" class=\"contact-form-polygon\">\r\n\t<section class=\"contact-form section padding grid-x\">\r\n\t\t<div class=\"small-12 text-center margin--bottom width width--general align-self-middle\">\r\n\t\t\t<div class=\"\">\r\n\t\t\t\t\t\t\t\t\t<div class=\"section__claim\">Wir sind immer f\u00fcr Sie da<\/div>\r\n\t\t\t\t\t\t\t\t<h2 class=\"text-center\">Kontaktieren Sie uns<\/h2>\r\n\t\t\t\t<p class=\"section__paragraph width width--thin\">Ben\u00f6tigen Sie einte Beratung, ein Angebot oder haben Sie akuten Renigungsbedarf? Bitte f\u00fcllen Sie untenstehende Form aus und wir anworten innerhalb von 48 Stunden!<\/p>\r\n\t\t\t\t\t\t\t\t\t<div class=\"contact-form__contacts width width--thin grid-x text-center\">\r\n\t\t\t\t\t\t<div class=\"small-12 medium-6\">\r\n\t\t\t\t\t\t\t\t\t\t<span class=\"the-contact\">\r\n\t\t\t\t\t\t\t<img decoding=\"async\" src=\"https:\/\/alkion.eu\/wp-content\/themes\/unifer-alkion\/assets\/images\/icon-mail.svg\" alt=\"Email - ikona\" loading=\"lazy\" width=\"154\" height=\"150\" class=\"icon\">\r\n\t\t\t\t\t\t<a href=\"ma&#105;l&#116;o&#58;i&#110;fo&#64;&#97;&#108;&#107;&#105;&#111;&#110;&#46;&#101;&#117;\" class=\"contact-link\">&#105;n&#102;o&#64;a&#108;k&#105;o&#110;.e&#117;<\/a>\r\n\t\t\t<\/span>\t\t\t\t\t\t<\/div>\r\n\t\t\t\t\t\t<div class=\"small-12 medium-6\">\r\n\t\t\t\t\t\t\t\t\t\t<span class=\"the-contact\">\r\n\t\t\t\t\t\t\t<img decoding=\"async\" src=\"https:\/\/alkion.eu\/wp-content\/themes\/unifer-alkion\/assets\/images\/icon-phone.svg\" alt=\"Telefon - ikona\" loading=\"lazy\" width=\"154\" height=\"150\" class=\"icon\">\r\n\t\t\t\t\t\t<a href=\"&#116;&#101;&#108;&#58;+49&#49;&#53;&#50;54&#55;9&#53;&#56;73\" class=\"contact-link\">+49&nbsp;1525&nbsp;479&nbsp;5873<\/a>\r\n\t\t\t<\/span>\t\t\t\t\t\t<\/div>\r\n\t\t\t\t\t<\/div>\r\n\t\t\t\t\t\t\t<\/div>\r\n\t\t<\/div>\r\n\t\t<div class=\"contact-form__form small-12 bg--secondary\">\r\n\t\t\t\t\t\t\t\n<div class=\"wpcf7 no-js\" id=\"wpcf7-f2400-o1\" lang=\"cs-CZ\" dir=\"ltr\" data-wpcf7-id=\"2400\">\n<div class=\"screen-reader-response\"><p role=\"status\" aria-live=\"polite\" aria-atomic=\"true\"><\/p> <ul><\/ul><\/div>\n<form action=\"\/de\/wp-json\/wp\/v2\/pages\/2261#wpcf7-f2400-o1\" method=\"post\" class=\"wpcf7-form init width width--narrow-small\" aria-label=\"Kontaktn\u00ed formul\u00e1\u0159\" novalidate=\"novalidate\" data-status=\"init\">\n<fieldset class=\"hidden-fields-container\"><input type=\"hidden\" name=\"_wpcf7\" value=\"2400\" \/><input type=\"hidden\" name=\"_wpcf7_version\" value=\"6.1.5\" \/><input type=\"hidden\" name=\"_wpcf7_locale\" value=\"cs_CZ\" \/><input type=\"hidden\" name=\"_wpcf7_unit_tag\" value=\"wpcf7-f2400-o1\" \/><input type=\"hidden\" name=\"_wpcf7_container_post\" value=\"0\" \/><input type=\"hidden\" name=\"_wpcf7_posted_data_hash\" value=\"\" \/><input type=\"hidden\" name=\"_wpcf7_recaptcha_response\" value=\"\" \/>\n<\/fieldset>\n<label class=\"wpcf7-form__name\">Vor- und Zuname*:<span class=\"wpcf7-form-control-wrap\" data-name=\"fullname\"><input size=\"40\" maxlength=\"400\" class=\"wpcf7-form-control wpcf7-text wpcf7-validates-as-required\" aria-required=\"true\" aria-invalid=\"false\" value=\"\" type=\"text\" name=\"fullname\" \/><\/span><\/label>\n\n<label class=\"wpcf7-form__email\">E-mail*:<span class=\"wpcf7-form-control-wrap\" data-name=\"email\"><input size=\"40\" maxlength=\"400\" class=\"wpcf7-form-control wpcf7-email wpcf7-validates-as-required wpcf7-text wpcf7-validates-as-email\" aria-required=\"true\" aria-invalid=\"false\" placeholder=\"@\" value=\"\" type=\"email\" name=\"email\" \/><\/span><\/label>\n\n<label class=\"wpcf7-form__phone\">Telefon:<span class=\"wpcf7-form-control-wrap\" data-name=\"phone\"><input size=\"40\" maxlength=\"400\" class=\"wpcf7-form-control wpcf7-tel wpcf7-text wpcf7-validates-as-tel\" aria-invalid=\"false\" placeholder=\"+49\" value=\"\" type=\"tel\" name=\"phone\" \/><\/span><\/label>\n\n<label class=\"wpcf7-form__message\">Ihre Nachricht*:<span class=\"wpcf7-form-control-wrap\" data-name=\"message\"><textarea cols=\"40\" rows=\"10\" maxlength=\"2000\" class=\"wpcf7-form-control wpcf7-textarea wpcf7-validates-as-required\" aria-required=\"true\" aria-invalid=\"false\" name=\"message\"><\/textarea><\/span><\/label>\n\n<span class=\"wpcf7-form-control-wrap\" data-name=\"wpcf7-form__gdpr\"><span class=\"wpcf7-form-control wpcf7-acceptance\"><span class=\"wpcf7-list-item\"><label><input type=\"checkbox\" name=\"wpcf7-form__gdpr\" value=\"1\" aria-invalid=\"false\" \/><span class=\"wpcf7-list-item-label\"><span class=\"checkmark\"><\/span>Ich bin mit den <a href=\"https:\/\/alkion.eu\/de\/datenschutz\/\" target=\"_blank\">Datenschutzbestimmungen<\/a> einverstanden.<\/span><\/label><\/span><\/span><\/span>\n\n<span id=\"wpcf7-6a05ad31560f3-wrapper\" class=\"wpcf7-form-control-wrap honeypot-692-wrap\" style=\"display:none !important; visibility:hidden !important;\"><label for=\"wpcf7-6a05ad31560f3-field\" class=\"hp-message\">Ponechte toto pole pr\u00e1zdn\u00e9.<\/label><input id=\"wpcf7-6a05ad31560f3-field\"  class=\"wpcf7-form-control wpcf7-text\" type=\"text\" name=\"honeypot-692\" value=\"\" size=\"40\" tabindex=\"-1\" autocomplete=\"new-password\" \/><\/span>\n\n<div class=\"wpcf7-form__submit\"><button class='button button--arrow-right' type\u00e9\"submit\">Senden<\/button><span class=\"wpcf7-spinner\"><\/span><\/div><div class=\"wpcf7-response-output\" aria-hidden=\"true\"><\/div>\n<\/form>\n<\/div>\n\t\t\t\t\t<\/div>\r\n\t<\/section>\r\n<\/div>","protected":false},"excerpt":{"rendered":"","protected":false},"author":1,"featured_media":0,"parent":0,"menu_order":0,"comment_status":"closed","ping_status":"closed","template":"page-templates\/references.php","meta":{"_acf_changed":false,"footnotes":""},"class_list":["post-2261","page","type-page","status-publish","hentry"],"acf":[],"yoast_head":"<!-- This site is optimized with the Yoast SEO plugin v27.5 - https:\/\/yoast.com\/product\/yoast-seo-wordpress\/ -->\n<title>Referenzen - Alkion<\/title>\n<meta name=\"robots\" content=\"index, follow, max-snippet:-1, max-image-preview:large, max-video-preview:-1\" \/>\n<link rel=\"canonical\" href=\"https:\/\/alkion.eu\/de\/alkion-referenzen\/\" \/>\n<meta property=\"og:locale\" content=\"de_DE\" \/>\n<meta property=\"og:type\" content=\"article\" \/>\n<meta property=\"og:title\" content=\"Referenzen - Alkion\" \/>\n<meta property=\"og:url\" content=\"https:\/\/alkion.eu\/de\/alkion-referenzen\/\" \/>\n<meta property=\"og:site_name\" content=\"Alkion\" \/>\n<meta property=\"article:publisher\" content=\"https:\/\/www.facebook.com\/Alkionservice\/\" \/>\n<meta property=\"article:modified_time\" content=\"2021-09-20T14:18:54+00:00\" \/>\n<meta name=\"twitter:card\" content=\"summary_large_image\" \/>\n<script type=\"application\/ld+json\" class=\"yoast-schema-graph\">{\"@context\":\"https:\\\/\\\/schema.org\",\"@graph\":[{\"@type\":\"WebPage\",\"@id\":\"https:\\\/\\\/alkion.eu\\\/de\\\/alkion-referenzen\\\/\",\"url\":\"https:\\\/\\\/alkion.eu\\\/de\\\/alkion-referenzen\\\/\",\"name\":\"Referenzen - Alkion\",\"isPartOf\":{\"@id\":\"https:\\\/\\\/alkion.eu\\\/de\\\/#website\"},\"datePublished\":\"2021-01-06T15:47:53+00:00\",\"dateModified\":\"2021-09-20T14:18:54+00:00\",\"breadcrumb\":{\"@id\":\"https:\\\/\\\/alkion.eu\\\/de\\\/alkion-referenzen\\\/#breadcrumb\"},\"inLanguage\":\"de\",\"potentialAction\":[{\"@type\":\"ReadAction\",\"target\":[\"https:\\\/\\\/alkion.eu\\\/de\\\/alkion-referenzen\\\/\"]}]},{\"@type\":\"BreadcrumbList\",\"@id\":\"https:\\\/\\\/alkion.eu\\\/de\\\/alkion-referenzen\\\/#breadcrumb\",\"itemListElement\":[{\"@type\":\"ListItem\",\"position\":1,\"name\":\"Dom\u016f\",\"item\":\"https:\\\/\\\/alkion.eu\\\/de\\\/\"},{\"@type\":\"ListItem\",\"position\":2,\"name\":\"Referenzen\"}]},{\"@type\":\"WebSite\",\"@id\":\"https:\\\/\\\/alkion.eu\\\/de\\\/#website\",\"url\":\"https:\\\/\\\/alkion.eu\\\/de\\\/\",\"name\":\"Alkion\",\"description\":\"\u010cist\u00edme odv\u011btr\u00e1vac\u00ed potrub\u00ed\",\"publisher\":{\"@id\":\"https:\\\/\\\/alkion.eu\\\/de\\\/#organization\"},\"potentialAction\":[{\"@type\":\"SearchAction\",\"target\":{\"@type\":\"EntryPoint\",\"urlTemplate\":\"https:\\\/\\\/alkion.eu\\\/de\\\/?s={search_term_string}\"},\"query-input\":{\"@type\":\"PropertyValueSpecification\",\"valueRequired\":true,\"valueName\":\"search_term_string\"}}],\"inLanguage\":\"de\"},{\"@type\":\"Organization\",\"@id\":\"https:\\\/\\\/alkion.eu\\\/de\\\/#organization\",\"name\":\"Alkion\",\"url\":\"https:\\\/\\\/alkion.eu\\\/de\\\/\",\"logo\":{\"@type\":\"ImageObject\",\"inLanguage\":\"de\",\"@id\":\"https:\\\/\\\/alkion.eu\\\/de\\\/#\\\/schema\\\/logo\\\/image\\\/\",\"url\":\"https:\\\/\\\/alkion.eu\\\/wp-content\\\/uploads\\\/2021\\\/06\\\/alkion-logo2x.png\",\"contentUrl\":\"https:\\\/\\\/alkion.eu\\\/wp-content\\\/uploads\\\/2021\\\/06\\\/alkion-logo2x.png\",\"width\":1854,\"height\":869,\"caption\":\"Alkion\"},\"image\":{\"@id\":\"https:\\\/\\\/alkion.eu\\\/de\\\/#\\\/schema\\\/logo\\\/image\\\/\"},\"sameAs\":[\"https:\\\/\\\/www.facebook.com\\\/Alkionservice\\\/\"]}]}<\/script>\n<!-- \/ Yoast SEO plugin. -->","yoast_head_json":{"title":"Referenzen - Alkion","robots":{"index":"index","follow":"follow","max-snippet":"max-snippet:-1","max-image-preview":"max-image-preview:large","max-video-preview":"max-video-preview:-1"},"canonical":"https:\/\/alkion.eu\/de\/alkion-referenzen\/","og_locale":"de_DE","og_type":"article","og_title":"Referenzen - Alkion","og_url":"https:\/\/alkion.eu\/de\/alkion-referenzen\/","og_site_name":"Alkion","article_publisher":"https:\/\/www.facebook.com\/Alkionservice\/","article_modified_time":"2021-09-20T14:18:54+00:00","twitter_card":"summary_large_image","schema":{"@context":"https:\/\/schema.org","@graph":[{"@type":"WebPage","@id":"https:\/\/alkion.eu\/de\/alkion-referenzen\/","url":"https:\/\/alkion.eu\/de\/alkion-referenzen\/","name":"Referenzen - Alkion","isPartOf":{"@id":"https:\/\/alkion.eu\/de\/#website"},"datePublished":"2021-01-06T15:47:53+00:00","dateModified":"2021-09-20T14:18:54+00:00","breadcrumb":{"@id":"https:\/\/alkion.eu\/de\/alkion-referenzen\/#breadcrumb"},"inLanguage":"de","potentialAction":[{"@type":"ReadAction","target":["https:\/\/alkion.eu\/de\/alkion-referenzen\/"]}]},{"@type":"BreadcrumbList","@id":"https:\/\/alkion.eu\/de\/alkion-referenzen\/#breadcrumb","itemListElement":[{"@type":"ListItem","position":1,"name":"Dom\u016f","item":"https:\/\/alkion.eu\/de\/"},{"@type":"ListItem","position":2,"name":"Referenzen"}]},{"@type":"WebSite","@id":"https:\/\/alkion.eu\/de\/#website","url":"https:\/\/alkion.eu\/de\/","name":"Alkion","description":"\u010cist\u00edme odv\u011btr\u00e1vac\u00ed potrub\u00ed","publisher":{"@id":"https:\/\/alkion.eu\/de\/#organization"},"potentialAction":[{"@type":"SearchAction","target":{"@type":"EntryPoint","urlTemplate":"https:\/\/alkion.eu\/de\/?s={search_term_string}"},"query-input":{"@type":"PropertyValueSpecification","valueRequired":true,"valueName":"search_term_string"}}],"inLanguage":"de"},{"@type":"Organization","@id":"https:\/\/alkion.eu\/de\/#organization","name":"Alkion","url":"https:\/\/alkion.eu\/de\/","logo":{"@type":"ImageObject","inLanguage":"de","@id":"https:\/\/alkion.eu\/de\/#\/schema\/logo\/image\/","url":"https:\/\/alkion.eu\/wp-content\/uploads\/2021\/06\/alkion-logo2x.png","contentUrl":"https:\/\/alkion.eu\/wp-content\/uploads\/2021\/06\/alkion-logo2x.png","width":1854,"height":869,"caption":"Alkion"},"image":{"@id":"https:\/\/alkion.eu\/de\/#\/schema\/logo\/image\/"},"sameAs":["https:\/\/www.facebook.com\/Alkionservice\/"]}]}},"_links":{"self":[{"href":"https:\/\/alkion.eu\/de\/wp-json\/wp\/v2\/pages\/2261","targetHints":{"allow":["GET"]}}],"collection":[{"href":"https:\/\/alkion.eu\/de\/wp-json\/wp\/v2\/pages"}],"about":[{"href":"https:\/\/alkion.eu\/de\/wp-json\/wp\/v2\/types\/page"}],"author":[{"embeddable":true,"href":"https:\/\/alkion.eu\/de\/wp-json\/wp\/v2\/users\/1"}],"replies":[{"embeddable":true,"href":"https:\/\/alkion.eu\/de\/wp-json\/wp\/v2\/comments?post=2261"}],"version-history":[{"count":3,"href":"https:\/\/alkion.eu\/de\/wp-json\/wp\/v2\/pages\/2261\/revisions"}],"predecessor-version":[{"id":2499,"href":"https:\/\/alkion.eu\/de\/wp-json\/wp\/v2\/pages\/2261\/revisions\/2499"}],"wp:attachment":[{"href":"https:\/\/alkion.eu\/de\/wp-json\/wp\/v2\/media?parent=2261"}],"curies":[{"name":"wp","href":"https:\/\/api.w.org\/{rel}","templated":true}]}}