{"id":3,"date":"2021-01-04T12:53:55","date_gmt":"2021-01-04T12:53:55","guid":{"rendered":"https:\/\/alkion.eu\/?page_id=3"},"modified":"2021-06-09T12:33:28","modified_gmt":"2021-06-09T11:33:28","slug":"zpracovani-osobnich-udaju","status":"publish","type":"page","link":"https:\/\/alkion.eu\/cs\/zpracovani-osobnich-udaju\/","title":{"rendered":"Zpracov\u00e1n\u00ed osobn\u00edch \u00fadaj\u016f"},"content":{"rendered":"\n<h2 class=\"wp-block-heading\">Kdo Va\u0161e \u00fadaje zpracov\u00e1v\u00e1<\/h2>\n\n\n\n<p>Va\u0161e \u00fadaje bude zpracov\u00e1vat spole\u010dnost Alkion service s.r.o., I\u010cO: 28875931, se s\u00eddlem Kruh 83, 514&nbsp;01 Kruh, zapsan\u00e1 v&nbsp;obchodn\u00edm rejst\u0159\u00edku veden\u00e9m Krajsk\u00fdm soudem v&nbsp;Hradci Kr\u00e1lov\u00e9 pod sp.zn. C 40374.<\/p>\n\n\n\n<h2 class=\"wp-block-heading\">Pro\u010d Va\u0161e \u00fadaje zpracov\u00e1v\u00e1me<\/h2>\n\n\n\n<p>Va\u0161e osobn\u00ed \u00fadaje budeme zpracov\u00e1vat na z\u00e1klad\u011b z\u00e1konn\u00e9ho titulu, kter\u00fdm je zpravidla uzav\u0159en\u00ed a&nbsp;pln\u011bn\u00ed smlouvy nebo \u00famysl smlouvu na Va\u0161i \u017e\u00e1dost uzav\u0159\u00edt, zejm\u00e9na smlouvu o&nbsp;d\u00edlo. Zpracov\u00e1n\u00ed Va\u0161ich osobn\u00edch \u00fadaj\u016f je nezbytn\u00e9 pro \u00fa\u010dely na\u0161ich pracovn\u00edch povinnost\u00ed v&nbsp;r\u00e1mci pln\u011bn\u00ed smlouvy a&nbsp;d\u00e1le vnit\u0159n\u00ed pot\u0159eby, tedy zejm\u00e9na ochrana na\u0161ich pr\u00e1v a&nbsp;pr\u00e1vem chr\u00e1n\u011bn\u00fdch z\u00e1jm\u016f. D\u00e1le Va\u0161e \u00fadaje zpracov\u00e1v\u00e1me za \u00fa\u010delem zlep\u0161en\u00ed kvality na\u0161ich slu\u017eeb a&nbsp;evidujeme anonymizovan\u00e9 statistiky z\u00e1znam\u016f o&nbsp;Va\u0161ich aktivit\u00e1ch na na\u0161ich webov\u00fdch str\u00e1nk\u00e1ch.<\/p>\n\n\n\n<h2 class=\"wp-block-heading\">Jak\u00e9 \u00fadaje zpracov\u00e1v\u00e1me&nbsp;<\/h2>\n\n\n\n<p><strong>V\u00e1\u0161 kontakt a&nbsp;informace o&nbsp;V\u00e1s, zejm\u00e9na:<\/strong><\/p>\n\n\n\n<ul class=\"wp-block-list\"><li>Va\u0161e kontaktn\u00ed a&nbsp;identifika\u010dn\u00ed \u00fadaje<\/li><li>\u00dadaje, kter\u00e9 n\u00e1m sd\u011bl\u00edte za \u00fa\u010delem uzav\u0159en\u00ed nebo pln\u011bn\u00ed smlouvy.<\/li><\/ul>\n\n\n\n<p><strong>\u00dadaje, kter\u00e9 o&nbsp;V\u00e1s z\u00edsk\u00e1me z&nbsp;dal\u0161\u00edch zdroj\u016f, zejm\u00e9na:<\/strong><\/p>\n\n\n\n<ul class=\"wp-block-list\"><li>\u00dadaje z&nbsp;ve\u0159ejn\u00fdch rejst\u0159\u00edk\u016f \u010di&nbsp;\u00fadaje poskytnut\u00e9 od t\u0159et\u00edch osob.<\/li><\/ul>\n\n\n\n<h2 class=\"wp-block-heading\">\u00da\u010del zpracov\u00e1n\u00ed osobn\u00edch \u00fadaj\u016f<\/h2>\n\n\n\n<p>Va\u0161e \u00fadaje budeme zpracov\u00e1vat za \u00fa\u010delem \u00famyslu uzav\u0159en\u00ed smlouvy na Va\u0161i \u017e\u00e1dost nebo pln\u011bn\u00ed smlouvy a&nbsp;za \u00fa\u010delem intern\u00ed administrace. Va\u0161e osobn\u00ed \u00fadaje nejsou p\u0159ed\u00e1v\u00e1ny do t\u0159et\u00edch zem\u00ed.<\/p>\n\n\n\n<h2 class=\"wp-block-heading\">P\u0159\u00edjemci osobn\u00edch \u00fadaj\u016f<\/h2>\n\n\n\n<p>Va\u0161e osobn\u00ed \u00fadaje nejsou p\u0159ed\u00e1v\u00e1ny \u017e\u00e1dn\u00fdm t\u0159et\u00edm osob\u00e1m za \u00fa\u010delem marketingov\u00fdch slu\u017eeb.<\/p>\n\n\n\n<p>P\u0159\u00edjemci Va\u0161ich osobn\u00edch \u00fadaj\u016f jsou zejm\u00e9na:<\/p>\n\n\n\n<ul class=\"wp-block-list\"><li>Zam\u011bstnanci spole\u010dnosti Alkion service s.r.o.<\/li><li>Provozovatel\u00e9 a&nbsp;poskytovatel\u00e9 \u00fadr\u017eby informa\u010dn\u00edho syst\u00e9mu spole\u010dnosti, \u00fa\u010detn\u00ed spole\u010dnosti.<\/li><li>V&nbsp;p\u0159\u00edpadech V\u00e1mi ud\u011blen\u00fdch povolen\u00ed na webov\u00fdch str\u00e1nk\u00e1ch (tzv.&nbsp;cookies) marketingov\u00e9 slu\u017eby Google Analytics a&nbsp;Google Search Console.<\/li><li>Dal\u0161\u00ed p\u0159\u00edjemci dle Va\u0161ich pot\u0159eb a&nbsp;Va\u0161ich pokyn\u016f.<\/li><\/ul>\n\n\n\n<h2 class=\"wp-block-heading\">Va\u0161e pr\u00e1va<\/h2>\n\n\n\n<p>V souladu s&nbsp;p\u0159edpisy upravuj\u00edc\u00edmi ochranu osobn\u00edch \u00fadaj\u016f m\u00e1te pr\u00e1vo dle povahy zpracov\u00e1n\u00ed:<\/p>\n\n\n\n<ul class=\"wp-block-list\"><li>po\u017eadovat p\u0159\u00edstup ke sv\u00fdm osobn\u00edm \u00fadaj\u016fm a&nbsp;\u017e\u00e1dat vysv\u011btlen\u00ed, pokud m\u00e1te podez\u0159en\u00ed na neopr\u00e1vn\u011bn\u00e9 zpracov\u00e1n\u00ed; za p\u0159\u00edstup k&nbsp;osobn\u00edm \u00fadaj\u016fm si m\u016f\u017eeme \u00fa\u010dtovat n\u00e1hradu odpov\u00eddaj\u00edc\u00ed na\u0161im n\u00e1klad\u016fm,<\/li><li>odm\u00edtnout zpracov\u00e1n\u00ed soubor\u016f cookies, co\u017e lze u\u010dinit prost\u0159ednictv\u00edm nastaven\u00ed Va\u0161eho internetov\u00e9ho prohl\u00ed\u017ee\u010de,<\/li><li>po\u017eadovat opravu \u010di&nbsp;dopln\u011bn\u00ed nep\u0159esn\u00fdch \u010di&nbsp;ne\u00fapln\u00fdch osobn\u00edch \u00fadaj\u016f,<\/li><li>vzn\u00e9st proti zpracov\u00e1n\u00ed n\u00e1mitku a&nbsp;\u017e\u00e1dat n\u00e1pravu z\u00e1vadn\u00e9ho stavu,<\/li><li>podat st\u00ed\u017enost proti tomuto zpracov\u00e1n\u00ed u&nbsp;\u00da\u0159adu pro ochranu osobn\u00edch \u00fadaj\u016f Pplk. Sochora 27, Praha 7, PS\u010c&nbsp;170&nbsp;00, www. uoou.cz.,<\/li><li>po\u017eadovat bezplatn\u00fd p\u0159\u00edstup, tedy po\u017e\u00e1dat o&nbsp;informaci, zda zpracov\u00e1v\u00e1me Va\u0161e osobn\u00ed \u00fadaje a&nbsp;o&nbsp;kter\u00e9 osobn\u00ed \u00fadaje se jedn\u00e1, pokud Va\u0161e \u017e\u00e1dost nebude opakovan\u00e1 \u010di&nbsp;nep\u0159im\u011b\u0159en\u00e1, na p\u0159enos \u00fadaj\u016f (v&nbsp;p\u0159\u00edpad\u011b, \u017ee zpracov\u00e1n\u00ed je nezbytn\u00e9 pro pln\u011bn\u00ed smlouvy a&nbsp;z\u00e1rove\u0148 je prov\u00e1d\u011bno automatizovan\u011b, m\u00e1te pr\u00e1vo z\u00edskat osobn\u00ed \u00fadaje ve strukturovan\u00e9m, b\u011b\u017en\u011b pou\u017e\u00edvan\u00e9m a&nbsp;strojov\u011b \u010diteln\u00e9m form\u00e1tu), v\u00fdmaz (ve vymezen\u00fdch p\u0159\u00edpadech m\u00e1te pr\u00e1vo n\u00e1s po\u017e\u00e1dat, abychom vymazali Va\u0161e osobn\u00ed \u00fadaje) a&nbsp;omezen\u00ed zpracov\u00e1n\u00ed (ve vymezen\u00fdch p\u0159\u00edpadech m\u00e1te pr\u00e1vo n\u00e1s po\u017e\u00e1dat, abychom omezili zpracov\u00e1n\u00ed Va\u0161ich osobn\u00edch \u00fadaj\u016f).<\/li><\/ul>\n\n\n\n<p>Vzhledem k&nbsp;tomu, \u017ee Va\u0161e osobn\u00ed \u00fadaje zpracov\u00e1v\u00e1me zejm\u00e9na na z\u00e1klad\u011b uzav\u0159en\u00ed a&nbsp;pln\u011bn\u00ed smlouvy, mohou b\u00fdt n\u011bkter\u00e9 zp\u016fsoby uplatn\u011bn\u00ed Va\u0161ich pr\u00e1v dle uveden\u00e9ho seznamu vylou\u010deny s&nbsp;ohledem na povahu zpracov\u00e1n\u00ed.<\/p>\n\n\n\n<p>V&nbsp;souladu s&nbsp;pr\u00e1vn\u00edmi p\u0159edpisy byla p\u0159ijata takov\u00e1 organiza\u010dn\u00ed a&nbsp;technick\u00e1 opat\u0159en\u00ed, aby byla zaji\u0161t\u011bna \u00farove\u0148 zabezpe\u010den\u00ed osobn\u00edch \u00fadaj\u016f odpov\u00eddaj\u00edc\u00ed povaze, rozsahu, okolnostem, \u00fa\u010delu a&nbsp;riziku jejich zpracov\u00e1n\u00ed.<\/p>\n\n\n\n<p>V\u0161echny osoby, kter\u00e9 p\u0159ich\u00e1zej\u00ed do styku s&nbsp;osobn\u00edmi \u00fadaji v&nbsp;r\u00e1mci jejich zpracov\u00e1n\u00ed, jsou v\u00e1z\u00e1ny z\u00e1konnou nebo smluvn\u00ed ml\u010denlivost\u00ed.<\/p>\n\n\n\n<p>V&nbsp;p\u0159\u00edpad\u011b, \u017ee by do\u0161lo k&nbsp;poru\u0161en\u00ed zabezpe\u010den\u00ed osobn\u00edch \u00fadaj\u016f a&nbsp;mohlo by to m\u00edt za n\u00e1sledek vysok\u00e9 riziko pro Va\u0161e pr\u00e1va a&nbsp;svobody, bez zbyte\u010dn\u00e9ho odkladu V\u00e1m tuto skute\u010dnost ozn\u00e1m\u00edme.<\/p>\n\n\n\n<p>Ohledn\u011b uplatn\u011bn\u00ed sv\u00fdch pr\u00e1v n\u00e1s m\u016f\u017eete kontaktovat na \u010d\u00edsle + 420&nbsp;731&nbsp;483&nbsp;089 nebo na e-mail <a href=\"&#109;&#97;ilto&#58;j&#105;r&#105;&#46;j&#97;n&#111;&#117;&#115;ek&#64;ja&#110;o&#117;s&#101;&#107;&#97;&#100;vo&#107;a&#116;&#46;&#99;&#122;\">info@alkion.eu<\/a>.<\/p>\n\n\n\n<p>\u017d\u00e1dosti uveden\u00e9 v\u00fd\u0161e t\u00fdkaj\u00edc\u00edch se v\u00fdkonu Va\u0161ich pr\u00e1v jsme povinni vy\u0159\u00eddit bez zbyte\u010dn\u00e9ho odkladu, nejpozd\u011bji do 1 m\u011bs\u00edce po&nbsp;obdr\u017een\u00ed \u017e\u00e1dosti. Pokud bude \u017e\u00e1dost pod\u00e1na v&nbsp;elektronick\u00e9 form\u011b, poskytneme odpov\u011b\u010f tak\u00e9 v&nbsp;elektronick\u00e9 form\u011b, leda\u017ee n\u00e1s po\u017e\u00e1d\u00e1te o&nbsp;jin\u00fd zp\u016fsob poskytnut\u00ed informac\u00ed.<\/p>\n\n\n\n<h2 class=\"wp-block-heading\">Dal\u0161\u00ed informace o&nbsp;zpracov\u00e1n\u00ed Va\u0161ich \u00fadaj\u016f<\/h2>\n\n\n\n<p>Va\u0161e osobn\u00ed \u00fadaje zpracov\u00e1v\u00e1me po&nbsp;dobu trv\u00e1n\u00ed \u00famyslu uzav\u0159\u00edt smlouvu na Va\u0161i \u017e\u00e1dost nebo po&nbsp;dobu trv\u00e1n\u00ed smlouvy a&nbsp;po&nbsp;jejich skon\u010den\u00ed je budeme archivovat v&nbsp;souladu s&nbsp;obecn\u011b z\u00e1vazn\u00fdmi pr\u00e1vn\u00edmi p\u0159edpisy, zj. z\u00e1kona \u010d.&nbsp;499\/2004 Sb. (z\u00e1kon o&nbsp;archivnictv\u00ed a&nbsp;spisov\u00e9 slu\u017eb\u011b a&nbsp;o&nbsp;zm\u011bn\u011b n\u011bkter\u00fdch z\u00e1kon\u016f), z\u00e1kona \u010d.&nbsp;110\/2019 Sb., o&nbsp;zpracov\u00e1n\u00ed osobn\u00edch \u00fadaj\u016f a&nbsp;na\u0159\u00edzen\u00ed Evropsk\u00e9ho parlamentu a&nbsp;Rady (EU) 2016\/679 ze dne 27.&nbsp;dubna 2016 o&nbsp;ochran\u011b fyzick\u00fdch osob v&nbsp;souvislosti se zpracov\u00e1n\u00edm osobn\u00edch \u00fadaj\u016f a&nbsp;o&nbsp;voln\u00e9m pohybu t\u011bchto \u00fadaj\u016f a&nbsp;o&nbsp;zru\u0161en\u00ed sm\u011brnice 95\/46\/ES.<\/p>\n","protected":false},"excerpt":{"rendered":"<p>Kdo Va\u0161e \u00fadaje zpracov\u00e1v\u00e1 Va\u0161e \u00fadaje bude zpracov\u00e1vat spole\u010dnost Alkion service s.r.o., I\u010cO: 28875931, se s\u00eddlem Kruh 83, 514&nbsp;01 Kruh, zapsan\u00e1 v&nbsp;obchodn\u00edm rejst\u0159\u00edku veden\u00e9m Krajsk\u00fdm soudem v&nbsp;Hradci Kr\u00e1lov\u00e9 pod sp.zn. C 40374. Pro\u010d Va\u0161e \u00fadaje zpracov\u00e1v\u00e1me Va\u0161e osobn\u00ed \u00fadaje budeme zpracov\u00e1vat na z\u00e1klad\u011b z\u00e1konn\u00e9ho titulu, kter\u00fdm je zpravidla uzav\u0159en\u00ed a&nbsp;pln\u011bn\u00ed smlouvy nebo \u00famysl smlouvu na [&hellip;]<\/p>\n","protected":false},"author":1,"featured_media":0,"parent":0,"menu_order":0,"comment_status":"closed","ping_status":"open","template":"","meta":{"_acf_changed":false,"footnotes":""},"class_list":["post-3","page","type-page","status-publish","hentry"],"acf":[],"yoast_head":"<!-- This site is optimized with the Yoast SEO plugin v27.5 - https:\/\/yoast.com\/product\/yoast-seo-wordpress\/ -->\n<title>Zpracov\u00e1n\u00ed osobn\u00edch \u00fadaj\u016f - Alkion<\/title>\n<meta name=\"robots\" content=\"index, follow, max-snippet:-1, max-image-preview:large, max-video-preview:-1\" \/>\n<link rel=\"canonical\" href=\"https:\/\/alkion.eu\/cs\/zpracovani-osobnich-udaju\/\" \/>\n<meta property=\"og:locale\" content=\"cs_CZ\" \/>\n<meta property=\"og:type\" content=\"article\" \/>\n<meta property=\"og:title\" content=\"Zpracov\u00e1n\u00ed osobn\u00edch \u00fadaj\u016f - Alkion\" \/>\n<meta property=\"og:description\" content=\"Kdo Va\u0161e \u00fadaje zpracov\u00e1v\u00e1 Va\u0161e \u00fadaje bude zpracov\u00e1vat spole\u010dnost Alkion service s.r.o., I\u010cO: 28875931, se s\u00eddlem Kruh 83, 514&nbsp;01 Kruh, zapsan\u00e1 v&nbsp;obchodn\u00edm rejst\u0159\u00edku veden\u00e9m Krajsk\u00fdm soudem v&nbsp;Hradci Kr\u00e1lov\u00e9 pod sp.zn. C 40374. Pro\u010d Va\u0161e \u00fadaje zpracov\u00e1v\u00e1me Va\u0161e osobn\u00ed \u00fadaje budeme zpracov\u00e1vat na z\u00e1klad\u011b z\u00e1konn\u00e9ho titulu, kter\u00fdm je zpravidla uzav\u0159en\u00ed a&nbsp;pln\u011bn\u00ed smlouvy nebo \u00famysl smlouvu na [&hellip;]\" \/>\n<meta property=\"og:url\" content=\"https:\/\/alkion.eu\/cs\/zpracovani-osobnich-udaju\/\" \/>\n<meta property=\"og:site_name\" content=\"Alkion\" \/>\n<meta property=\"article:publisher\" content=\"https:\/\/www.facebook.com\/Alkionservice\/\" \/>\n<meta property=\"article:modified_time\" content=\"2021-06-09T11:33:28+00:00\" \/>\n<meta name=\"twitter:card\" content=\"summary_large_image\" \/>\n<meta name=\"twitter:label1\" content=\"Odhadovan\u00e1 doba \u010dten\u00ed\" \/>\n\t<meta name=\"twitter:data1\" content=\"3 minuty\" \/>\n<script type=\"application\/ld+json\" class=\"yoast-schema-graph\">{\"@context\":\"https:\\\/\\\/schema.org\",\"@graph\":[{\"@type\":\"WebPage\",\"@id\":\"https:\\\/\\\/alkion.eu\\\/cs\\\/zpracovani-osobnich-udaju\\\/\",\"url\":\"https:\\\/\\\/alkion.eu\\\/cs\\\/zpracovani-osobnich-udaju\\\/\",\"name\":\"Zpracov\u00e1n\u00ed osobn\u00edch \u00fadaj\u016f - Alkion\",\"isPartOf\":{\"@id\":\"https:\\\/\\\/alkion.eu\\\/cs\\\/#website\"},\"datePublished\":\"2021-01-04T12:53:55+00:00\",\"dateModified\":\"2021-06-09T11:33:28+00:00\",\"breadcrumb\":{\"@id\":\"https:\\\/\\\/alkion.eu\\\/cs\\\/zpracovani-osobnich-udaju\\\/#breadcrumb\"},\"inLanguage\":\"cs\",\"potentialAction\":[{\"@type\":\"ReadAction\",\"target\":[\"https:\\\/\\\/alkion.eu\\\/cs\\\/zpracovani-osobnich-udaju\\\/\"]}]},{\"@type\":\"BreadcrumbList\",\"@id\":\"https:\\\/\\\/alkion.eu\\\/cs\\\/zpracovani-osobnich-udaju\\\/#breadcrumb\",\"itemListElement\":[{\"@type\":\"ListItem\",\"position\":1,\"name\":\"Dom\u016f\",\"item\":\"https:\\\/\\\/alkion.eu\\\/cs\\\/\"},{\"@type\":\"ListItem\",\"position\":2,\"name\":\"Zpracov\u00e1n\u00ed osobn\u00edch \u00fadaj\u016f\"}]},{\"@type\":\"WebSite\",\"@id\":\"https:\\\/\\\/alkion.eu\\\/cs\\\/#website\",\"url\":\"https:\\\/\\\/alkion.eu\\\/cs\\\/\",\"name\":\"Alkion\",\"description\":\"\u010cist\u00edme odv\u011btr\u00e1vac\u00ed potrub\u00ed\",\"publisher\":{\"@id\":\"https:\\\/\\\/alkion.eu\\\/cs\\\/#organization\"},\"potentialAction\":[{\"@type\":\"SearchAction\",\"target\":{\"@type\":\"EntryPoint\",\"urlTemplate\":\"https:\\\/\\\/alkion.eu\\\/cs\\\/?s={search_term_string}\"},\"query-input\":{\"@type\":\"PropertyValueSpecification\",\"valueRequired\":true,\"valueName\":\"search_term_string\"}}],\"inLanguage\":\"cs\"},{\"@type\":\"Organization\",\"@id\":\"https:\\\/\\\/alkion.eu\\\/cs\\\/#organization\",\"name\":\"Alkion\",\"url\":\"https:\\\/\\\/alkion.eu\\\/cs\\\/\",\"logo\":{\"@type\":\"ImageObject\",\"inLanguage\":\"cs\",\"@id\":\"https:\\\/\\\/alkion.eu\\\/cs\\\/#\\\/schema\\\/logo\\\/image\\\/\",\"url\":\"https:\\\/\\\/alkion.eu\\\/wp-content\\\/uploads\\\/2021\\\/06\\\/alkion-logo2x.png\",\"contentUrl\":\"https:\\\/\\\/alkion.eu\\\/wp-content\\\/uploads\\\/2021\\\/06\\\/alkion-logo2x.png\",\"width\":1854,\"height\":869,\"caption\":\"Alkion\"},\"image\":{\"@id\":\"https:\\\/\\\/alkion.eu\\\/cs\\\/#\\\/schema\\\/logo\\\/image\\\/\"},\"sameAs\":[\"https:\\\/\\\/www.facebook.com\\\/Alkionservice\\\/\"]}]}<\/script>\n<!-- \/ Yoast SEO plugin. -->","yoast_head_json":{"title":"Zpracov\u00e1n\u00ed osobn\u00edch \u00fadaj\u016f - Alkion","robots":{"index":"index","follow":"follow","max-snippet":"max-snippet:-1","max-image-preview":"max-image-preview:large","max-video-preview":"max-video-preview:-1"},"canonical":"https:\/\/alkion.eu\/cs\/zpracovani-osobnich-udaju\/","og_locale":"cs_CZ","og_type":"article","og_title":"Zpracov\u00e1n\u00ed osobn\u00edch \u00fadaj\u016f - Alkion","og_description":"Kdo Va\u0161e \u00fadaje zpracov\u00e1v\u00e1 Va\u0161e \u00fadaje bude zpracov\u00e1vat spole\u010dnost Alkion service s.r.o., I\u010cO: 28875931, se s\u00eddlem Kruh 83, 514&nbsp;01 Kruh, zapsan\u00e1 v&nbsp;obchodn\u00edm rejst\u0159\u00edku veden\u00e9m Krajsk\u00fdm soudem v&nbsp;Hradci Kr\u00e1lov\u00e9 pod sp.zn. C 40374. Pro\u010d Va\u0161e \u00fadaje zpracov\u00e1v\u00e1me Va\u0161e osobn\u00ed \u00fadaje budeme zpracov\u00e1vat na z\u00e1klad\u011b z\u00e1konn\u00e9ho titulu, kter\u00fdm je zpravidla uzav\u0159en\u00ed a&nbsp;pln\u011bn\u00ed smlouvy nebo \u00famysl smlouvu na [&hellip;]","og_url":"https:\/\/alkion.eu\/cs\/zpracovani-osobnich-udaju\/","og_site_name":"Alkion","article_publisher":"https:\/\/www.facebook.com\/Alkionservice\/","article_modified_time":"2021-06-09T11:33:28+00:00","twitter_card":"summary_large_image","twitter_misc":{"Odhadovan\u00e1 doba \u010dten\u00ed":"3 minuty"},"schema":{"@context":"https:\/\/schema.org","@graph":[{"@type":"WebPage","@id":"https:\/\/alkion.eu\/cs\/zpracovani-osobnich-udaju\/","url":"https:\/\/alkion.eu\/cs\/zpracovani-osobnich-udaju\/","name":"Zpracov\u00e1n\u00ed osobn\u00edch \u00fadaj\u016f - Alkion","isPartOf":{"@id":"https:\/\/alkion.eu\/cs\/#website"},"datePublished":"2021-01-04T12:53:55+00:00","dateModified":"2021-06-09T11:33:28+00:00","breadcrumb":{"@id":"https:\/\/alkion.eu\/cs\/zpracovani-osobnich-udaju\/#breadcrumb"},"inLanguage":"cs","potentialAction":[{"@type":"ReadAction","target":["https:\/\/alkion.eu\/cs\/zpracovani-osobnich-udaju\/"]}]},{"@type":"BreadcrumbList","@id":"https:\/\/alkion.eu\/cs\/zpracovani-osobnich-udaju\/#breadcrumb","itemListElement":[{"@type":"ListItem","position":1,"name":"Dom\u016f","item":"https:\/\/alkion.eu\/cs\/"},{"@type":"ListItem","position":2,"name":"Zpracov\u00e1n\u00ed osobn\u00edch \u00fadaj\u016f"}]},{"@type":"WebSite","@id":"https:\/\/alkion.eu\/cs\/#website","url":"https:\/\/alkion.eu\/cs\/","name":"Alkion","description":"\u010cist\u00edme odv\u011btr\u00e1vac\u00ed potrub\u00ed","publisher":{"@id":"https:\/\/alkion.eu\/cs\/#organization"},"potentialAction":[{"@type":"SearchAction","target":{"@type":"EntryPoint","urlTemplate":"https:\/\/alkion.eu\/cs\/?s={search_term_string}"},"query-input":{"@type":"PropertyValueSpecification","valueRequired":true,"valueName":"search_term_string"}}],"inLanguage":"cs"},{"@type":"Organization","@id":"https:\/\/alkion.eu\/cs\/#organization","name":"Alkion","url":"https:\/\/alkion.eu\/cs\/","logo":{"@type":"ImageObject","inLanguage":"cs","@id":"https:\/\/alkion.eu\/cs\/#\/schema\/logo\/image\/","url":"https:\/\/alkion.eu\/wp-content\/uploads\/2021\/06\/alkion-logo2x.png","contentUrl":"https:\/\/alkion.eu\/wp-content\/uploads\/2021\/06\/alkion-logo2x.png","width":1854,"height":869,"caption":"Alkion"},"image":{"@id":"https:\/\/alkion.eu\/cs\/#\/schema\/logo\/image\/"},"sameAs":["https:\/\/www.facebook.com\/Alkionservice\/"]}]}},"_links":{"self":[{"href":"https:\/\/alkion.eu\/cs\/wp-json\/wp\/v2\/pages\/3","targetHints":{"allow":["GET"]}}],"collection":[{"href":"https:\/\/alkion.eu\/cs\/wp-json\/wp\/v2\/pages"}],"about":[{"href":"https:\/\/alkion.eu\/cs\/wp-json\/wp\/v2\/types\/page"}],"author":[{"embeddable":true,"href":"https:\/\/alkion.eu\/cs\/wp-json\/wp\/v2\/users\/1"}],"replies":[{"embeddable":true,"href":"https:\/\/alkion.eu\/cs\/wp-json\/wp\/v2\/comments?post=3"}],"version-history":[{"count":3,"href":"https:\/\/alkion.eu\/cs\/wp-json\/wp\/v2\/pages\/3\/revisions"}],"predecessor-version":[{"id":4173,"href":"https:\/\/alkion.eu\/cs\/wp-json\/wp\/v2\/pages\/3\/revisions\/4173"}],"wp:attachment":[{"href":"https:\/\/alkion.eu\/cs\/wp-json\/wp\/v2\/media?parent=3"}],"curies":[{"name":"wp","href":"https:\/\/api.w.org\/{rel}","templated":true}]}}