{"id":146,"date":"2021-01-05T14:48:41","date_gmt":"2021-01-05T14:48:41","guid":{"rendered":"https:\/\/alkion.eu\/?page_id=146"},"modified":"2026-01-20T14:25:18","modified_gmt":"2026-01-20T13:25:18","slug":"kontakt","status":"publish","type":"page","link":"https:\/\/alkion.eu\/cs\/kontakt\/","title":{"rendered":"Kontakt"},"content":{"rendered":"<section id=\"contact-intro-block_17f429623377debcdd76fcab9d08b94d\" class=\"header-block section section--full bg--secondary\">\r\n\t<div class=\"grid-x width width--general\">\r\n\t\t<div class=\"small-12 medium-6 has--space-right\">\r\n\t\t\t\t\t\t<h1>Kontakt<\/h1>\r\n\t\t\t<div class=\"el--shifted margin--top\">\r\n\t\t\t\t\t\t\t\t\t<div class=\"section__paragraph width--thin no-padding\">M\u00e1te dotaz nebo pot\u0159ebujete vy\u010distit vzduchotechniku?<br \/>\r\nPo\u0161lete n\u00e1m vypln\u011bn\u00fd formul\u00e1\u0159 a&nbsp;my se v\u00e1m<br \/>\r\ndo 24 hodin ozveme!<\/div>\r\n\t\t\t\t\t\t\t\t<div class=\"margin--bottom-05x\">\t\t\t<span class=\"the-contact white\">\r\n\t\t\t\t\t\t\t<img decoding=\"async\" src=\"https:\/\/alkion.eu\/wp-content\/themes\/unifer-alkion\/assets\/images\/icon-mail-w.svg\" alt=\"Email - ikona\" loading=\"lazy\" width=\"154\" height=\"150\" class=\"icon\">\r\n\t\t\t\t\t\t<a href=\"m&#97;&#105;l&#116;&#111;&#58;i&#110;&#102;&#111;&#64;&#97;&#108;ki&#111;&#110;&#46;&#101;u\" class=\"contact-link\">info&#64;&#97;l&#107;&#105;&#111;n&#46;&#101;&#117;<\/a>\r\n\t\t\t<\/span><\/div>\r\n\t\t\t\t<div>\t\t\t<span class=\"the-contact white\">\r\n\t\t\t\t\t\t\t<img decoding=\"async\" src=\"https:\/\/alkion.eu\/wp-content\/themes\/unifer-alkion\/assets\/images\/icon-phone-w.svg\" alt=\"Telefon - ikona\" loading=\"lazy\" width=\"154\" height=\"150\" class=\"icon\">\r\n\t\t\t\t\t\t<a href=\"&#116;el&#58;&#43;4&#50;07&#55;7&#55;&#52;3881\" class=\"contact-link\">+420&nbsp;777&nbsp;743&nbsp;881<\/a>\r\n\t\t\t<\/span><\/div>\r\n\t\t\t<\/div>\r\n\t\t<\/div>\r\n\t\t<div class=\"small-12 medium-6\">\r\n\t\t\t\t\t\t\t\n<div class=\"wpcf7 no-js\" id=\"wpcf7-f5-o1\" lang=\"cs-CZ\" dir=\"ltr\" data-wpcf7-id=\"5\">\n<div class=\"screen-reader-response\"><p role=\"status\" aria-live=\"polite\" aria-atomic=\"true\"><\/p> <ul><\/ul><\/div>\n<form action=\"\/cs\/wp-json\/wp\/v2\/pages\/146#wpcf7-f5-o1\" method=\"post\" class=\"wpcf7-form init\" aria-label=\"Kontaktn\u00ed formul\u00e1\u0159\" novalidate=\"novalidate\" data-status=\"init\">\n<fieldset class=\"hidden-fields-container\"><input type=\"hidden\" name=\"_wpcf7\" value=\"5\" \/><input type=\"hidden\" name=\"_wpcf7_version\" value=\"6.1.5\" \/><input type=\"hidden\" name=\"_wpcf7_locale\" value=\"cs_CZ\" \/><input type=\"hidden\" name=\"_wpcf7_unit_tag\" value=\"wpcf7-f5-o1\" \/><input type=\"hidden\" name=\"_wpcf7_container_post\" value=\"0\" \/><input type=\"hidden\" name=\"_wpcf7_posted_data_hash\" value=\"\" \/><input type=\"hidden\" name=\"_wpcf7_recaptcha_response\" value=\"\" \/>\n<\/fieldset>\n<label class=\"wpcf7-form__name\">Va\u0161e jm\u00e9no*:<span class=\"wpcf7-form-control-wrap\" data-name=\"fullname\"><input size=\"40\" maxlength=\"400\" class=\"wpcf7-form-control wpcf7-text wpcf7-validates-as-required\" aria-required=\"true\" aria-invalid=\"false\" value=\"\" type=\"text\" name=\"fullname\" \/><\/span><\/label>\n\n<label class=\"wpcf7-form__email\">V\u00e1\u0161 e-mail*:<span class=\"wpcf7-form-control-wrap\" data-name=\"email\"><input size=\"40\" maxlength=\"400\" class=\"wpcf7-form-control wpcf7-email wpcf7-validates-as-required wpcf7-text wpcf7-validates-as-email\" aria-required=\"true\" aria-invalid=\"false\" placeholder=\"@\" value=\"\" type=\"email\" name=\"email\" \/><\/span><\/label>\n\n<label class=\"wpcf7-form__phone\">Va\u0161e telefonn\u00ed \u010d\u00edslo:<span class=\"wpcf7-form-control-wrap\" data-name=\"phone\"><input size=\"40\" maxlength=\"400\" class=\"wpcf7-form-control wpcf7-tel wpcf7-text wpcf7-validates-as-tel\" aria-invalid=\"false\" placeholder=\"+420\" value=\"\" type=\"tel\" name=\"phone\" \/><\/span><\/label>\n\n<label class=\"wpcf7-form__message\">Va\u0161e zpr\u00e1va*:<span class=\"wpcf7-form-control-wrap\" data-name=\"message\"><textarea cols=\"40\" rows=\"10\" maxlength=\"2000\" class=\"wpcf7-form-control wpcf7-textarea wpcf7-validates-as-required\" aria-required=\"true\" aria-invalid=\"false\" name=\"message\"><\/textarea><\/span><\/label>\n\n<span class=\"wpcf7-form-control-wrap\" data-name=\"wpcf7-form__gdpr\"><span class=\"wpcf7-form-control wpcf7-acceptance\"><span class=\"wpcf7-list-item\"><label><input type=\"checkbox\" name=\"wpcf7-form__gdpr\" value=\"1\" aria-invalid=\"false\" \/><span class=\"wpcf7-list-item-label\"><span class=\"checkmark\"><\/span>Souhlas\u00edm se zpracov\u00e1n\u00edm <a href=\"https:\/\/alkion.eu\/cs\/zpracovani-osobnich-udaju\/\" target=\"_blank\">osobn\u00edch \u00fadaj\u016f<\/a>.<\/span><\/label><\/span><\/span><\/span>\n\n<span id=\"wpcf7-69f5ecf62673e-wrapper\" class=\"wpcf7-form-control-wrap honeypot-692-wrap\" style=\"display:none !important; visibility:hidden !important;\"><label for=\"wpcf7-69f5ecf62673e-field\" class=\"hp-message\">Ponechte toto pole pr\u00e1zdn\u00e9.<\/label><input id=\"wpcf7-69f5ecf62673e-field\"  class=\"wpcf7-form-control wpcf7-text\" type=\"text\" name=\"honeypot-692\" value=\"\" size=\"40\" tabindex=\"-1\" autocomplete=\"new-password\" \/><\/span>\n\n<div class=\"wpcf7-form__submit\"><button class='button button--arrow-right' type\u00e9\"submit\">Odeslat<\/button><span class=\"wpcf7-spinner\"><\/span><\/div><div class=\"wpcf7-response-output\" aria-hidden=\"true\"><\/div>\n<\/form>\n<\/div>\n\t\t\t\t\t<\/div>\r\n\t<\/div>\r\n\t<img decoding=\"async\" src=\"https:\/\/alkion.eu\/wp-content\/themes\/unifer-alkion\/assets\/images\/polygon.svg\" alt=\"Polygon\" class=\"header-block-polygon\">\r\n<\/section>\n\n\r\n\t<section id=\"persons-row-block_eeeb899cba51afb34360576355ea60e6\" class=\"persons section text-center\">\r\n\t\t<header>\r\n\t\t\t\t\t\t\t<div class=\"section__claim\">Komu zavolat?<\/div>\r\n\t\t\t\t\t\t\t\t\t\t<h2 class=\"text-center\">Kontaktn\u00ed osoby<\/h2>\r\n\t\t\t\t\t\t\t\t\t\t<div class=\"section__paragraph width width--thin\">Nev\u00edte, kter\u00e9 \u010d\u00edslo vybrat? Zavolejte komukoliv z&nbsp;n\u00e1s a&nbsp;my v\u00e1s p\u0159esm\u011brujeme p\u0159esn\u011b tam, kam bude t\u0159eba.<\/div>\r\n\t\t\t\t\t<\/header>\r\n\t\t<div class=\"grid-x\">\r\n\t\t\t\t\t\t\t\t\t\t<figure class=\"person person--centered small-12 medium-6 large-3\">\r\n\t\t\t\t\t\t\t<div class=\"person__photo has--hepta\">\r\n\t\t\t\t\t<img loading=\"lazy\" decoding=\"async\" width=\"225\" height=\"300\" src=\"https:\/\/alkion.eu\/wp-content\/uploads\/2021\/01\/s-dalimil-3-225x300.png\" class=\"attachment-medium size-medium wp-post-image\" alt=\"\" srcset=\"https:\/\/alkion.eu\/wp-content\/uploads\/2021\/01\/s-dalimil-3-225x300.png 225w, https:\/\/alkion.eu\/wp-content\/uploads\/2021\/01\/s-dalimil-3-769x1024.png 769w, https:\/\/alkion.eu\/wp-content\/uploads\/2021\/01\/s-dalimil-3-113x150.png 113w, https:\/\/alkion.eu\/wp-content\/uploads\/2021\/01\/s-dalimil-3-768x1023.png 768w, https:\/\/alkion.eu\/wp-content\/uploads\/2021\/01\/s-dalimil-3-70x93.png 70w, https:\/\/alkion.eu\/wp-content\/uploads\/2021\/01\/s-dalimil-3-190x253.png 190w, https:\/\/alkion.eu\/wp-content\/uploads\/2021\/01\/s-dalimil-3-400x533.png 400w, https:\/\/alkion.eu\/wp-content\/uploads\/2021\/01\/s-dalimil-3-470x626.png 470w, https:\/\/alkion.eu\/wp-content\/uploads\/2021\/01\/s-dalimil-3-550x732.png 550w, https:\/\/alkion.eu\/wp-content\/uploads\/2021\/01\/s-dalimil-3.png 1068w\" sizes=\"auto, (max-width: 225px) 100vw, 225px\" \/>\t\t\t\t<\/div>\r\n\t\t\t\t\t\t<div class=\"person__name\">Dalimil Petril\u00e1k<\/div>\r\n\t\t\t\t\t\t\t<div class=\"person__job\">Obchodn\u00ed \u0159editel<\/div>\r\n\t\t\t\t\t\t\t\t\t\t\t\t\t\t\t<div><a href=\"ma&#105;l&#116;&#111;&#58;d&#97;&#108;im&#105;l.petr&#105;l&#97;&#107;&#64;a&#108;&#107;i&#111;n.&#101;u\" class=\"person__link\">d&#97;&#108;&#105;&#109;il&#46;&#112;&#101;tri&#108;ak&#64;&#97;l&#107;i&#111;n&#46;&#101;u<\/a><\/div>\r\n\t\t\t\t\t\t\t\t\t\t\t\t\t<div><a href=\"&#116;el:+4&#50;&#48;&#55;314&#56;&#51;&#48;8&#57;\" class=\"person__link\">+420&nbsp;731&nbsp;483&nbsp;089<\/a><\/div>\r\n\t\t\t\t\t\t\t\t\t<\/figure>\r\n\t\t\t\t\t\t\t\t\t\t\t\t<figure class=\"person person--centered small-12 medium-6 large-3\">\r\n\t\t\t\t\t\t\t<div class=\"person__photo has--hepta\">\r\n\t\t\t\t\t<img loading=\"lazy\" decoding=\"async\" width=\"225\" height=\"300\" src=\"https:\/\/alkion.eu\/wp-content\/uploads\/2021\/01\/s-pavel-1-225x300.png\" class=\"attachment-medium size-medium wp-post-image\" alt=\"\" srcset=\"https:\/\/alkion.eu\/wp-content\/uploads\/2021\/01\/s-pavel-1-225x300.png 225w, https:\/\/alkion.eu\/wp-content\/uploads\/2021\/01\/s-pavel-1-769x1024.png 769w, https:\/\/alkion.eu\/wp-content\/uploads\/2021\/01\/s-pavel-1-113x150.png 113w, https:\/\/alkion.eu\/wp-content\/uploads\/2021\/01\/s-pavel-1-768x1023.png 768w, https:\/\/alkion.eu\/wp-content\/uploads\/2021\/01\/s-pavel-1-70x93.png 70w, https:\/\/alkion.eu\/wp-content\/uploads\/2021\/01\/s-pavel-1-190x253.png 190w, https:\/\/alkion.eu\/wp-content\/uploads\/2021\/01\/s-pavel-1-400x533.png 400w, https:\/\/alkion.eu\/wp-content\/uploads\/2021\/01\/s-pavel-1-470x626.png 470w, https:\/\/alkion.eu\/wp-content\/uploads\/2021\/01\/s-pavel-1-550x732.png 550w, https:\/\/alkion.eu\/wp-content\/uploads\/2021\/01\/s-pavel-1.png 1068w\" sizes=\"auto, (max-width: 225px) 100vw, 225px\" \/>\t\t\t\t<\/div>\r\n\t\t\t\t\t\t<div class=\"person__name\">Pavel \u010campulka<\/div>\r\n\t\t\t\t\t\t\t<div class=\"person__job\">Obchodn\u00ed z\u00e1stupce<\/div>\r\n\t\t\t\t\t\t\t\t\t\t\t\t\t\t\t<div><a href=\"mail&#116;o:&#112;av&#101;l.&#99;&#97;&#109;&#112;ul&#107;a&#64;&#97;&#108;kio&#110;&#46;eu\" class=\"person__link\">&#112;&#97;v&#101;l.cam&#112;ulk&#97;&#64;&#97;l&#107;&#105;o&#110;&#46;&#101;&#117;<\/a><\/div>\r\n\t\t\t\t\t\t\t\t\t\t\t\t\t<div><a href=\"&#116;e&#108;&#58;+&#52;20&#55;&#55;7&#55;436&#55;&#53;\" class=\"person__link\">+420&nbsp;777&nbsp;743&nbsp;675<\/a><\/div>\r\n\t\t\t\t\t\t\t\t\t<\/figure>\r\n\t\t\t\t\t\t\t\t\t\t\t\t<figure class=\"person person--centered small-12 medium-6 large-3\">\r\n\t\t\t\t\t\t\t<div class=\"person__photo has--hepta\">\r\n\t\t\t\t\t<img loading=\"lazy\" decoding=\"async\" width=\"225\" height=\"300\" src=\"https:\/\/alkion.eu\/wp-content\/uploads\/2024\/06\/s-david-alkion-1-225x300.png\" class=\"attachment-medium size-medium wp-post-image\" alt=\"\" srcset=\"https:\/\/alkion.eu\/wp-content\/uploads\/2024\/06\/s-david-alkion-1-225x300.png 225w, https:\/\/alkion.eu\/wp-content\/uploads\/2024\/06\/s-david-alkion-1-769x1024.png 769w, https:\/\/alkion.eu\/wp-content\/uploads\/2024\/06\/s-david-alkion-1-113x150.png 113w, https:\/\/alkion.eu\/wp-content\/uploads\/2024\/06\/s-david-alkion-1-768x1023.png 768w, https:\/\/alkion.eu\/wp-content\/uploads\/2024\/06\/s-david-alkion-1-70x93.png 70w, https:\/\/alkion.eu\/wp-content\/uploads\/2024\/06\/s-david-alkion-1-190x253.png 190w, https:\/\/alkion.eu\/wp-content\/uploads\/2024\/06\/s-david-alkion-1-400x533.png 400w, https:\/\/alkion.eu\/wp-content\/uploads\/2024\/06\/s-david-alkion-1-470x626.png 470w, https:\/\/alkion.eu\/wp-content\/uploads\/2024\/06\/s-david-alkion-1-550x732.png 550w, https:\/\/alkion.eu\/wp-content\/uploads\/2024\/06\/s-david-alkion-1.png 1068w\" sizes=\"auto, (max-width: 225px) 100vw, 225px\" \/>\t\t\t\t<\/div>\r\n\t\t\t\t\t\t<div class=\"person__name\">David Br\u016f\u017ea<\/div>\r\n\t\t\t\t\t\t\t<div class=\"person__job\">Obchodn\u00ed z\u00e1stupce<\/div>\r\n\t\t\t\t\t\t\t\t\t\t\t\t\t\t\t<div><a href=\"&#109;&#97;&#105;&#108;to:&#100;a&#118;id&#46;&#98;&#114;uza&#64;al&#107;&#105;&#111;n.&#101;u\" class=\"person__link\">&#100;&#97;vi&#100;&#46;bru&#122;a&#64;a&#108;kio&#110;.e&#117;<\/a><\/div>\r\n\t\t\t\t\t\t\t\t\t\t\t\t\t<div><a href=\"&#116;e&#108;:+4207&#55;774&#51;02&#50;\" class=\"person__link\">+420&nbsp;777&nbsp;743&nbsp;022<\/a><\/div>\r\n\t\t\t\t\t\t\t\t\t<\/figure>\r\n\t\t\t\t\t\t\t\t\t\t\t\t<figure class=\"person person--centered small-12 medium-6 large-3\">\r\n\t\t\t\t\t\t\t<div class=\"person__photo has--hepta\">\r\n\t\t\t\t\t<img loading=\"lazy\" decoding=\"async\" width=\"225\" height=\"300\" src=\"https:\/\/alkion.eu\/wp-content\/uploads\/2026\/01\/2026-new-web-02-225x300.png\" class=\"attachment-medium size-medium wp-post-image\" alt=\"\" srcset=\"https:\/\/alkion.eu\/wp-content\/uploads\/2026\/01\/2026-new-web-02-225x300.png 225w, https:\/\/alkion.eu\/wp-content\/uploads\/2026\/01\/2026-new-web-02-769x1024.png 769w, https:\/\/alkion.eu\/wp-content\/uploads\/2026\/01\/2026-new-web-02-113x150.png 113w, https:\/\/alkion.eu\/wp-content\/uploads\/2026\/01\/2026-new-web-02-768x1023.png 768w, https:\/\/alkion.eu\/wp-content\/uploads\/2026\/01\/2026-new-web-02-70x93.png 70w, https:\/\/alkion.eu\/wp-content\/uploads\/2026\/01\/2026-new-web-02-190x253.png 190w, https:\/\/alkion.eu\/wp-content\/uploads\/2026\/01\/2026-new-web-02-400x533.png 400w, https:\/\/alkion.eu\/wp-content\/uploads\/2026\/01\/2026-new-web-02-470x626.png 470w, https:\/\/alkion.eu\/wp-content\/uploads\/2026\/01\/2026-new-web-02-550x732.png 550w, https:\/\/alkion.eu\/wp-content\/uploads\/2026\/01\/2026-new-web-02.png 1068w\" sizes=\"auto, (max-width: 225px) 100vw, 225px\" \/>\t\t\t\t<\/div>\r\n\t\t\t\t\t\t<div class=\"person__name\">Michaela Machov\u00e1<\/div>\r\n\t\t\t\t\t\t\t<div class=\"person__job\">\u00fa\u010detnictv\u00ed | administrativa<\/div>\r\n\t\t\t\t\t\t\t\t\t\t\t\t\t\t\t<div><a href=\"&#109;&#97;&#105;&#108;&#116;&#111;:&#109;i&#99;&#104;&#97;e&#108;&#97;&#46;&#109;&#97;c&#104;o&#118;a&#64;alk&#105;&#111;&#110;&#46;&#101;u\" class=\"person__link\">&#109;&#105;&#99;hael&#97;&#46;&#109;ach&#111;&#118;&#97;&#64;alkion&#46;eu<\/a><\/div>\r\n\t\t\t\t\t\t\t\t\t\t\t\t\t<div><a href=\"te&#108;:&#43;&#52;&#50;0&#55;&#55;&#55;743&#56;70\" class=\"person__link\">+420&nbsp;777&nbsp;743&nbsp;870<\/a><\/div>\r\n\t\t\t\t\t\t\t\t\t<\/figure>\r\n\t\t\t\t\t\t\t<\/div>\r\n\t<\/section>\r\n\n\n<section id=\"addresses-block_da5ac07d5f5f5cd6964a1750520c359d\" class=\"addresses width width--general-m padding--top padding--bottom\">\r\n\t<div class=\"addresses__inner grid-x grid-margin-x\">\r\n\t\t<div class=\"addresses__address address cell shrink grid-x padding bg--secondary c--white\">\r\n\t\t\t<div class=\"address__name cell shrink align-self-middle\">\r\n\t\t\t\t<h3 class=\"address__title no-decor\"><\/h3>\r\n\t\t\t<\/div>\r\n\t\t\t<div class=\"address__text cell auto align-self-middle\">\t<div>\r\n\t\t<strong>Alkion service s.r.o.<\/strong>\r\n\t\t\t\t\t<br>Kruh 83, 514&nbsp;01 Kruh\t\t\t\t\t\t\t<br>I\u010cO: 28875931\t\t\t\t\t\t\t<br>DI\u010c: CZ28875931\t\t\t<\/div>\r\n\t<\/div>\r\n\t\t<\/div>\r\n\t\t<div class=\"addresses__premise cell auto grid-x padding bg--secondary c--white\" style=\"\">\r\n\t\t\t<div class=\"address__name cell shrink align-self-middle\">\r\n\t\t\t\t<h3 class=\"address__title no-decor\"><\/h3>\r\n\t\t\t<\/div>\r\n\t\t\t<div class=\"address__text cell auto grid-x align-self-middle\">\r\n\t\t\t\t<div class=\"cell shrink align-self-middle\">\t<div>\r\n\t\t<strong>Alkion service s.r.o.<\/strong>\r\n\t\t\t\t\t<br>Kruh 83<br \/>\r\n514&nbsp;01 Kruh\t\t\t\t\t<\/div>\r\n\t<\/div>\r\n\t\t\t\t<div class=\"address__button cell auto align-self-middle\">\r\n\t\t\t\t\t\t\t\t\t\t\t<a href=\"https:\/\/maps.app.goo.gl\/Dz7v3TzuNGxN2vnSA\" class=\"button button--external\" target=\"_blank\" rel=\"noopener noreferrer\">Zobrazit na map\u011b<\/a>\r\n\t\t\t\t\t\t\t\t\t<\/div>\r\n\t\t\t<\/div>\r\n\t\t<\/div>\r\n\t<\/div>\r\n<\/section>\n\n<section id=\"download-block_5cbea6872dcf563a017a77374ce68250\" class=\"downloads section padding\">\r\n\t\t\t<h2 class=\"text-center\">Ke sta\u017een\u00ed<\/h2>\r\n\t\t<div class=\"downloads__items grid-x\">\r\n\t\t\t\t\t\t\t\t\t<div class=\"cell downloads__item columns-3 is--border-hover\">\r\n\t\t\t\t\t\t\t\t\t\t\t<a href=\"https:\/\/alkion.eu\/wp-content\/uploads\/2023\/02\/cisteni-VZT-Alkion-2023-Online.pdf\" target=\"_blank\" rel=\"noopener noreferrer\" class=\"downloads__title\"><strong>Stru\u010dn\u00e9 p\u0159edstaven\u00ed technologi\u00ed<\/strong><\/a>\r\n\t\t\t\t\t\t\t\t\t\t<footer class=\"text-right\"><a href=\"https:\/\/alkion.eu\/wp-content\/uploads\/2023\/02\/cisteni-VZT-Alkion-2023-Online.pdf\" class=\"link link--download\" target=\"_blank\"><span class=\"text\">St\u00e1hnout<\/span><\/a><\/footer>\r\n\t\t\t\t<\/div>\r\n\t\t\t\t\t\t\t\t\t\t\t\t<div class=\"cell downloads__item columns-3 is--border-hover\">\r\n\t\t\t\t\t\t\t\t\t\t\t<a href=\"https:\/\/alkion.eu\/wp-content\/uploads\/2025\/12\/zdravy-panelak-letak-bischof-online.pdf\" target=\"_blank\" rel=\"noopener noreferrer\" class=\"downloads__title\"><strong>\u010ci\u0161t\u011bn\u00ed v&nbsp;panelov\u00fdch domech<\/strong><\/a>\r\n\t\t\t\t\t\t\t\t\t\t<footer class=\"text-right\"><a href=\"https:\/\/alkion.eu\/wp-content\/uploads\/2025\/12\/zdravy-panelak-letak-bischof-online.pdf\" class=\"link link--download\" target=\"_blank\"><span class=\"text\">St\u00e1hnout<\/span><\/a><\/footer>\r\n\t\t\t\t<\/div>\r\n\t\t\t\t\t\t\t\t\t\t\t\t<div class=\"cell downloads__item columns-3 is--border-hover\">\r\n\t\t\t\t\t\t\t\t\t\t\t<a href=\"https:\/\/alkion.eu\/wp-content\/uploads\/2021\/05\/Letter-of-Reference-Alkion.pdf\" target=\"_blank\" rel=\"noopener noreferrer\" class=\"downloads__title\"><strong>Reference od U.S. Navy<\/strong><\/a>\r\n\t\t\t\t\t\t\t\t\t\t<footer class=\"text-right\"><a href=\"https:\/\/alkion.eu\/wp-content\/uploads\/2021\/05\/Letter-of-Reference-Alkion.pdf\" class=\"link link--download\" target=\"_blank\"><span class=\"text\">St\u00e1hnout<\/span><\/a><\/footer>\r\n\t\t\t\t<\/div>\r\n\t\t\t\t\t\t\t\t\t\t\t\t<div class=\"cell downloads__item columns-3 is--border-hover\">\r\n\t\t\t\t\t\t\t\t\t\t\t<a href=\"https:\/\/alkion.eu\/wp-content\/uploads\/2024\/04\/letak-AEROSEAL-ONLINE_CZ.pdf\" target=\"_blank\" rel=\"noopener noreferrer\" class=\"downloads__title\"><strong>P\u0159edstaven\u00ed technologie AEROSEAL<\/strong><\/a>\r\n\t\t\t\t\t\t\t\t\t\t<footer class=\"text-right\"><a href=\"https:\/\/alkion.eu\/wp-content\/uploads\/2024\/04\/letak-AEROSEAL-ONLINE_CZ.pdf\" class=\"link link--download\" target=\"_blank\"><span class=\"text\">St\u00e1hnout<\/span><\/a><\/footer>\r\n\t\t\t\t<\/div>\r\n\t\t\t\t\t\t\t\t\t\t\t\t<div class=\"cell downloads__item columns-3 is--border-hover\">\r\n\t\t\t\t\t\t\t\t\t\t\t<a href=\"https:\/\/alkion.eu\/wp-content\/uploads\/2024\/04\/letak-Alkion-2023-KUCHYNE_online.pdf\" target=\"_blank\" rel=\"noopener noreferrer\" class=\"downloads__title\"><strong>\u010ci\u0161t\u011bn\u00ed vzduchotechniky v&nbsp;kuchyn\u00edch a&nbsp;restaurac\u00edch<\/strong><\/a>\r\n\t\t\t\t\t\t\t\t\t\t<footer class=\"text-right\"><a href=\"https:\/\/alkion.eu\/wp-content\/uploads\/2024\/04\/letak-Alkion-2023-KUCHYNE_online.pdf\" class=\"link link--download\" target=\"_blank\"><span class=\"text\">St\u00e1hnout<\/span><\/a><\/footer>\r\n\t\t\t\t<\/div>\r\n\t\t\t\t\t\t<\/div>\r\n<\/section>\r\n","protected":false},"excerpt":{"rendered":"","protected":false},"author":1,"featured_media":0,"parent":0,"menu_order":0,"comment_status":"closed","ping_status":"closed","template":"page-templates\/contact.php","meta":{"_acf_changed":false,"footnotes":""},"class_list":["post-146","page","type-page","status-publish","hentry"],"acf":[],"yoast_head":"<!-- This site is optimized with the Yoast SEO plugin v27.5 - https:\/\/yoast.com\/product\/yoast-seo-wordpress\/ -->\n<title>Kontakt | Spojte se s n\u00e1mi, r\u00e1di v\u00e1m pom\u016f\u017eeme - Alkion<\/title>\n<meta name=\"description\" content=\"M\u00e1te dotaz nebo pot\u0159ebujete vy\u010distit vzduchotechniku? Zavolejte nebo po\u0161lete formul\u00e1\u0159 a my se v\u00e1m do 24 hodin ozveme!\" \/>\n<meta name=\"robots\" content=\"index, follow, max-snippet:-1, max-image-preview:large, max-video-preview:-1\" \/>\n<link rel=\"canonical\" href=\"https:\/\/alkion.eu\/cs\/kontakt\/\" \/>\n<meta property=\"og:locale\" content=\"cs_CZ\" \/>\n<meta property=\"og:type\" content=\"article\" \/>\n<meta property=\"og:title\" content=\"Kontakt | Spojte se s n\u00e1mi, r\u00e1di v\u00e1m pom\u016f\u017eeme - Alkion\" \/>\n<meta property=\"og:description\" content=\"M\u00e1te dotaz nebo pot\u0159ebujete vy\u010distit vzduchotechniku? Zavolejte nebo po\u0161lete formul\u00e1\u0159 a my se v\u00e1m do 24 hodin ozveme!\" \/>\n<meta property=\"og:url\" content=\"https:\/\/alkion.eu\/cs\/kontakt\/\" \/>\n<meta property=\"og:site_name\" content=\"Alkion\" \/>\n<meta property=\"article:publisher\" content=\"https:\/\/www.facebook.com\/Alkionservice\/\" \/>\n<meta property=\"article:modified_time\" content=\"2026-01-20T13:25:18+00:00\" \/>\n<meta name=\"twitter:card\" content=\"summary_large_image\" \/>\n<script type=\"application\/ld+json\" class=\"yoast-schema-graph\">{\"@context\":\"https:\\\/\\\/schema.org\",\"@graph\":[{\"@type\":\"WebPage\",\"@id\":\"https:\\\/\\\/alkion.eu\\\/cs\\\/kontakt\\\/\",\"url\":\"https:\\\/\\\/alkion.eu\\\/cs\\\/kontakt\\\/\",\"name\":\"Kontakt | Spojte se s n\u00e1mi, r\u00e1di v\u00e1m pom\u016f\u017eeme - Alkion\",\"isPartOf\":{\"@id\":\"https:\\\/\\\/alkion.eu\\\/cs\\\/#website\"},\"datePublished\":\"2021-01-05T14:48:41+00:00\",\"dateModified\":\"2026-01-20T13:25:18+00:00\",\"description\":\"M\u00e1te dotaz nebo pot\u0159ebujete vy\u010distit vzduchotechniku? Zavolejte nebo po\u0161lete formul\u00e1\u0159 a my se v\u00e1m do 24 hodin ozveme!\",\"breadcrumb\":{\"@id\":\"https:\\\/\\\/alkion.eu\\\/cs\\\/kontakt\\\/#breadcrumb\"},\"inLanguage\":\"cs\",\"potentialAction\":[{\"@type\":\"ReadAction\",\"target\":[\"https:\\\/\\\/alkion.eu\\\/cs\\\/kontakt\\\/\"]}]},{\"@type\":\"BreadcrumbList\",\"@id\":\"https:\\\/\\\/alkion.eu\\\/cs\\\/kontakt\\\/#breadcrumb\",\"itemListElement\":[{\"@type\":\"ListItem\",\"position\":1,\"name\":\"Dom\u016f\",\"item\":\"https:\\\/\\\/alkion.eu\\\/cs\\\/\"},{\"@type\":\"ListItem\",\"position\":2,\"name\":\"Kontakt\"}]},{\"@type\":\"WebSite\",\"@id\":\"https:\\\/\\\/alkion.eu\\\/cs\\\/#website\",\"url\":\"https:\\\/\\\/alkion.eu\\\/cs\\\/\",\"name\":\"Alkion\",\"description\":\"\u010cist\u00edme odv\u011btr\u00e1vac\u00ed potrub\u00ed\",\"publisher\":{\"@id\":\"https:\\\/\\\/alkion.eu\\\/cs\\\/#organization\"},\"potentialAction\":[{\"@type\":\"SearchAction\",\"target\":{\"@type\":\"EntryPoint\",\"urlTemplate\":\"https:\\\/\\\/alkion.eu\\\/cs\\\/?s={search_term_string}\"},\"query-input\":{\"@type\":\"PropertyValueSpecification\",\"valueRequired\":true,\"valueName\":\"search_term_string\"}}],\"inLanguage\":\"cs\"},{\"@type\":\"Organization\",\"@id\":\"https:\\\/\\\/alkion.eu\\\/cs\\\/#organization\",\"name\":\"Alkion\",\"url\":\"https:\\\/\\\/alkion.eu\\\/cs\\\/\",\"logo\":{\"@type\":\"ImageObject\",\"inLanguage\":\"cs\",\"@id\":\"https:\\\/\\\/alkion.eu\\\/cs\\\/#\\\/schema\\\/logo\\\/image\\\/\",\"url\":\"https:\\\/\\\/alkion.eu\\\/wp-content\\\/uploads\\\/2021\\\/06\\\/alkion-logo2x.png\",\"contentUrl\":\"https:\\\/\\\/alkion.eu\\\/wp-content\\\/uploads\\\/2021\\\/06\\\/alkion-logo2x.png\",\"width\":1854,\"height\":869,\"caption\":\"Alkion\"},\"image\":{\"@id\":\"https:\\\/\\\/alkion.eu\\\/cs\\\/#\\\/schema\\\/logo\\\/image\\\/\"},\"sameAs\":[\"https:\\\/\\\/www.facebook.com\\\/Alkionservice\\\/\"]}]}<\/script>\n<!-- \/ Yoast SEO plugin. -->","yoast_head_json":{"title":"Kontakt | Spojte se s n\u00e1mi, r\u00e1di v\u00e1m pom\u016f\u017eeme - Alkion","description":"M\u00e1te dotaz nebo pot\u0159ebujete vy\u010distit vzduchotechniku? Zavolejte nebo po\u0161lete formul\u00e1\u0159 a my se v\u00e1m do 24 hodin ozveme!","robots":{"index":"index","follow":"follow","max-snippet":"max-snippet:-1","max-image-preview":"max-image-preview:large","max-video-preview":"max-video-preview:-1"},"canonical":"https:\/\/alkion.eu\/cs\/kontakt\/","og_locale":"cs_CZ","og_type":"article","og_title":"Kontakt | Spojte se s n\u00e1mi, r\u00e1di v\u00e1m pom\u016f\u017eeme - Alkion","og_description":"M\u00e1te dotaz nebo pot\u0159ebujete vy\u010distit vzduchotechniku? Zavolejte nebo po\u0161lete formul\u00e1\u0159 a my se v\u00e1m do 24 hodin ozveme!","og_url":"https:\/\/alkion.eu\/cs\/kontakt\/","og_site_name":"Alkion","article_publisher":"https:\/\/www.facebook.com\/Alkionservice\/","article_modified_time":"2026-01-20T13:25:18+00:00","twitter_card":"summary_large_image","schema":{"@context":"https:\/\/schema.org","@graph":[{"@type":"WebPage","@id":"https:\/\/alkion.eu\/cs\/kontakt\/","url":"https:\/\/alkion.eu\/cs\/kontakt\/","name":"Kontakt | Spojte se s n\u00e1mi, r\u00e1di v\u00e1m pom\u016f\u017eeme - Alkion","isPartOf":{"@id":"https:\/\/alkion.eu\/cs\/#website"},"datePublished":"2021-01-05T14:48:41+00:00","dateModified":"2026-01-20T13:25:18+00:00","description":"M\u00e1te dotaz nebo pot\u0159ebujete vy\u010distit vzduchotechniku? Zavolejte nebo po\u0161lete formul\u00e1\u0159 a my se v\u00e1m do 24 hodin ozveme!","breadcrumb":{"@id":"https:\/\/alkion.eu\/cs\/kontakt\/#breadcrumb"},"inLanguage":"cs","potentialAction":[{"@type":"ReadAction","target":["https:\/\/alkion.eu\/cs\/kontakt\/"]}]},{"@type":"BreadcrumbList","@id":"https:\/\/alkion.eu\/cs\/kontakt\/#breadcrumb","itemListElement":[{"@type":"ListItem","position":1,"name":"Dom\u016f","item":"https:\/\/alkion.eu\/cs\/"},{"@type":"ListItem","position":2,"name":"Kontakt"}]},{"@type":"WebSite","@id":"https:\/\/alkion.eu\/cs\/#website","url":"https:\/\/alkion.eu\/cs\/","name":"Alkion","description":"\u010cist\u00edme odv\u011btr\u00e1vac\u00ed potrub\u00ed","publisher":{"@id":"https:\/\/alkion.eu\/cs\/#organization"},"potentialAction":[{"@type":"SearchAction","target":{"@type":"EntryPoint","urlTemplate":"https:\/\/alkion.eu\/cs\/?s={search_term_string}"},"query-input":{"@type":"PropertyValueSpecification","valueRequired":true,"valueName":"search_term_string"}}],"inLanguage":"cs"},{"@type":"Organization","@id":"https:\/\/alkion.eu\/cs\/#organization","name":"Alkion","url":"https:\/\/alkion.eu\/cs\/","logo":{"@type":"ImageObject","inLanguage":"cs","@id":"https:\/\/alkion.eu\/cs\/#\/schema\/logo\/image\/","url":"https:\/\/alkion.eu\/wp-content\/uploads\/2021\/06\/alkion-logo2x.png","contentUrl":"https:\/\/alkion.eu\/wp-content\/uploads\/2021\/06\/alkion-logo2x.png","width":1854,"height":869,"caption":"Alkion"},"image":{"@id":"https:\/\/alkion.eu\/cs\/#\/schema\/logo\/image\/"},"sameAs":["https:\/\/www.facebook.com\/Alkionservice\/"]}]}},"_links":{"self":[{"href":"https:\/\/alkion.eu\/cs\/wp-json\/wp\/v2\/pages\/146","targetHints":{"allow":["GET"]}}],"collection":[{"href":"https:\/\/alkion.eu\/cs\/wp-json\/wp\/v2\/pages"}],"about":[{"href":"https:\/\/alkion.eu\/cs\/wp-json\/wp\/v2\/types\/page"}],"author":[{"embeddable":true,"href":"https:\/\/alkion.eu\/cs\/wp-json\/wp\/v2\/users\/1"}],"replies":[{"embeddable":true,"href":"https:\/\/alkion.eu\/cs\/wp-json\/wp\/v2\/comments?post=146"}],"version-history":[{"count":38,"href":"https:\/\/alkion.eu\/cs\/wp-json\/wp\/v2\/pages\/146\/revisions"}],"predecessor-version":[{"id":4446,"href":"https:\/\/alkion.eu\/cs\/wp-json\/wp\/v2\/pages\/146\/revisions\/4446"}],"wp:attachment":[{"href":"https:\/\/alkion.eu\/cs\/wp-json\/wp\/v2\/media?parent=146"}],"curies":[{"name":"wp","href":"https:\/\/api.w.org\/{rel}","templated":true}]}}